{"id":1278,"date":"2025-01-27T12:27:25","date_gmt":"2025-01-27T12:27:25","guid":{"rendered":"https:\/\/ancora-coaching.de\/?page_id=1278"},"modified":"2025-01-27T23:34:18","modified_gmt":"2025-01-27T23:34:18","slug":"team","status":"publish","type":"page","link":"https:\/\/ancora-coaching.de\/ru\/team\/","title":{"rendered":"\u043a\u043e\u043c\u0430\u043d\u0434\u0430"},"content":{"rendered":"<div data-elementor-type=\"wp-page\" data-elementor-id=\"1278\" class=\"elementor elementor-1278\" data-elementor-post-type=\"page\">\n\t\t\t\t<div class=\"elementor-element elementor-element-b322c83 e-flex e-con-boxed e-con e-child\" data-id=\"b322c83\" data-element_type=\"container\" data-e-type=\"container\" data-settings=\"{&quot;background_background&quot;:&quot;classic&quot;}\">\n\t\t\t\t\t<div class=\"e-con-inner\">\n\t\t<div class=\"elementor-element elementor-element-de35faf e-con-full e-flex e-con e-child\" data-id=\"de35faf\" data-element_type=\"container\" data-e-type=\"container\">\n\t\t\t\t<div class=\"elementor-element elementor-element-f5fcfd3 elementor-widget-divider--view-line elementor-widget elementor-widget-divider\" data-id=\"f5fcfd3\" data-element_type=\"widget\" data-e-type=\"widget\" data-widget_type=\"divider.default\">\n\t\t\t\t<div class=\"elementor-widget-container\">\n\t\t\t\t\t\t\t<div class=\"elementor-divider\">\n\t\t\t<span class=\"elementor-divider-separator\">\n\t\t\t\t\t\t<\/span>\n\t\t<\/div>\n\t\t\t\t\t\t<\/div>\n\t\t\t\t<\/div>\n\t\t\t\t<div class=\"elementor-element elementor-element-bb55f92 elementor-widget__width-inherit elementor-widget elementor-widget-heading\" data-id=\"bb55f92\" data-element_type=\"widget\" data-e-type=\"widget\" data-widget_type=\"heading.default\">\n\t\t\t\t<div class=\"elementor-widget-container\">\n\t\t\t\t\t<h2 class=\"elementor-heading-title elementor-size-default\">\u041d\u0430\u0448\u0430 \u043a\u043e\u043c\u0430\u043d\u0434\u0430<\/h2>\t\t\t\t<\/div>\n\t\t\t\t<\/div>\n\t\t\t\t<div class=\"elementor-element elementor-element-060a549 elementor-widget__width-initial elementor-widget elementor-widget-text-editor\" data-id=\"060a549\" data-element_type=\"widget\" data-e-type=\"widget\" data-widget_type=\"text-editor.default\">\n\t\t\t\t<div class=\"elementor-widget-container\">\n\t\t\t\t\t\t\t\t\t<p>\u041d\u0430\u0448\u0430 \u0438\u0434\u0435\u0430\u043b\u044c\u043d\u043e \u0441\u043a\u043e\u043e\u0440\u0434\u0438\u043d\u0438\u0440\u043e\u0432\u0430\u043d\u043d\u0430\u044f \u043a\u043e\u043c\u0430\u043d\u0434\u0430 \u0440\u0430\u0431\u043e\u0442\u0430\u0435\u0442 \u0440\u0443\u043a\u0430 \u043e\u0431 \u0440\u0443\u043a\u0443, \u0447\u0442\u043e\u0431\u044b \u0446\u0435\u043b\u0435\u043d\u0430\u043f\u0440\u0430\u0432\u043b\u0435\u043d\u043d\u043e \u0438 \u044d\u0444\u0444\u0435\u043a\u0442\u0438\u0432\u043d\u043e \u0443\u0434\u043e\u0432\u043b\u0435\u0442\u0432\u043e\u0440\u0438\u0442\u044c \u0432\u0430\u0448\u0438 \u0442\u0440\u0435\u0431\u043e\u0432\u0430\u043d\u0438\u044f. \u0411\u043b\u0430\u0433\u043e\u0434\u0430\u0440\u044f \u0442\u0435\u0441\u043d\u043e\u043c\u0443 \u0441\u043e\u0442\u0440\u0443\u0434\u043d\u0438\u0447\u0435\u0441\u0442\u0432\u0443 \u043c\u044b \u0433\u0430\u0440\u0430\u043d\u0442\u0438\u0440\u0443\u0435\u043c \u0432\u0430\u043c \u043a\u0440\u0435\u0430\u0442\u0438\u0432\u043d\u044b\u0435 \u0438 \u043f\u0440\u0430\u043a\u0442\u0438\u0447\u043d\u044b\u0435 \u0440\u0435\u0448\u0435\u043d\u0438\u044f \u0434\u0430\u0436\u0435 \u0434\u043b\u044f \u0441\u043b\u043e\u0436\u043d\u044b\u0445 \u0437\u0430\u0434\u0430\u0447.<\/p>\t\t\t\t\t\t\t\t<\/div>\n\t\t\t\t<\/div>\n\t\t\t\t<\/div>\n\t\t\t\t\t<\/div>\n\t\t\t\t<\/div>\n\t\t<div class=\"elementor-element elementor-element-fcd9090 e-flex e-con-boxed e-con e-parent\" data-id=\"fcd9090\" data-element_type=\"container\" data-e-type=\"container\" data-settings=\"{&quot;background_background&quot;:&quot;classic&quot;}\">\n\t\t\t\t\t<div class=\"e-con-inner\">\n\t\t<div class=\"elementor-element elementor-element-f3f2ce0 e-con-full e-flex e-con e-child\" data-id=\"f3f2ce0\" data-element_type=\"container\" data-e-type=\"container\">\n\t\t\t\t<div class=\"elementor-element elementor-element-413660e elementor-widget__width-inherit elementor-widget elementor-widget-heading\" data-id=\"413660e\" data-element_type=\"widget\" data-e-type=\"widget\" data-widget_type=\"heading.default\">\n\t\t\t\t<div class=\"elementor-widget-container\">\n\t\t\t\t\t<h3 class=\"elementor-heading-title elementor-size-default\">\u0420\u0430\u0437\u043d\u043e\u043e\u0431\u0440\u0430\u0437\u0438\u0435 \u0438 \u043e\u043f\u044b\u0442 \u2013 <br>\u0414\u043b\u044f \u0443\u0434\u043e\u0432\u043b\u0435\u0442\u0432\u043e\u0440\u0435\u043d\u0438\u044f \u0432\u0430\u0448\u0438\u0445 \u0438\u043d\u0434\u0438\u0432\u0438\u0434\u0443\u0430\u043b\u044c\u043d\u044b\u0445 \u043f\u043e\u0442\u0440\u0435\u0431\u043d\u043e\u0441\u0442\u0435\u0439<\/h3>\t\t\t\t<\/div>\n\t\t\t\t<\/div>\n\t\t\t\t<div class=\"elementor-element elementor-element-67edd75 elementor-widget__width-inherit elementor-widget elementor-widget-text-editor\" data-id=\"67edd75\" data-element_type=\"widget\" data-e-type=\"widget\" data-widget_type=\"text-editor.default\">\n\t\t\t\t<div class=\"elementor-widget-container\">\n\t\t\t\t\t\t\t\t\t<p>\u0412\u043e\u0441\u043f\u043e\u043b\u044c\u0437\u0443\u0439\u0442\u0435\u0441\u044c \u043f\u0440\u0435\u0438\u043c\u0443\u0449\u0435\u0441\u0442\u0432\u0430\u043c\u0438 \u043a\u043e\u043c\u0430\u043d\u0434\u044b \u044d\u043a\u0441\u043f\u0435\u0440\u0442\u043e\u0432 \u0438\u0437 \u0440\u0430\u0437\u043b\u0438\u0447\u043d\u044b\u0445 \u043e\u0431\u043b\u0430\u0441\u0442\u0435\u0439, \u0432\u043a\u043b\u044e\u0447\u0430\u044f \u0441\u043e\u0446\u0438\u0430\u043b\u044c\u043d\u044b\u0445 \u0440\u0430\u0431\u043e\u0442\u043d\u0438\u043a\u043e\u0432, \u043f\u0441\u0438\u0445\u043e\u043b\u043e\u0433\u043e\u0432 \u0438 \u043e\u043f\u044b\u0442\u043d\u044b\u0445 \u0442\u0440\u0435\u043d\u0435\u0440\u043e\u0432. \u0422\u0430\u043a\u043e\u0439 \u0448\u0438\u0440\u043e\u043a\u0438\u0439 \u0441\u043f\u0435\u043a\u0442\u0440 \u0437\u043d\u0430\u043d\u0438\u0439 \u043f\u043e\u0437\u0432\u043e\u043b\u044f\u0435\u0442 \u043d\u0430\u043c \u0440\u0430\u0437\u0440\u0430\u0431\u0430\u0442\u044b\u0432\u0430\u0442\u044c \u0438\u043d\u0434\u0438\u0432\u0438\u0434\u0443\u0430\u043b\u044c\u043d\u044b\u0435 \u0440\u0435\u0448\u0435\u043d\u0438\u044f \u0434\u043b\u044f \u0432\u0430\u0448\u0438\u0445 \u043a\u043e\u043d\u043a\u0440\u0435\u0442\u043d\u044b\u0445 \u043f\u043e\u0442\u0440\u0435\u0431\u043d\u043e\u0441\u0442\u0435\u0439. \u041a\u0440\u0435\u0430\u0442\u0438\u0432\u043d\u043e\u0441\u0442\u044c, \u0442\u0435\u0445\u043d\u0438\u0447\u0435\u0441\u043a\u0438\u0435 \u0437\u043d\u0430\u043d\u0438\u044f \u0438 \u0441\u0442\u0440\u0430\u0442\u0435\u0433\u0438\u0447\u0435\u0441\u043a\u043e\u0435 \u043c\u044b\u0448\u043b\u0435\u043d\u0438\u0435 \u2013 \u0432\u0441\u0435 \u044d\u0442\u043e \u043c\u044b \u0438\u0441\u043f\u043e\u043b\u044c\u0437\u0443\u0435\u043c \u0434\u043b\u044f \u0443\u0441\u043f\u0435\u0445\u0430 \u0432\u0430\u0448\u0438\u0445 \u043f\u0440\u043e\u0435\u043a\u0442\u043e\u0432.<\/p>\t\t\t\t\t\t\t\t<\/div>\n\t\t\t\t<\/div>\n\t\t\t\t<\/div>\n\t\t<div class=\"elementor-element elementor-element-43ac527 e-con-full e-flex e-con e-child\" data-id=\"43ac527\" data-element_type=\"container\" data-e-type=\"container\">\n\t\t\t\t<div class=\"elementor-element elementor-element-992b4b9 elementor-widget__width-inherit elementor-widget elementor-widget-heading\" data-id=\"992b4b9\" data-element_type=\"widget\" data-e-type=\"widget\" data-widget_type=\"heading.default\">\n\t\t\t\t<div class=\"elementor-widget-container\">\n\t\t\t\t\t<h3 class=\"elementor-heading-title elementor-size-default\">\u0421\u0442\u0440\u0430\u0441\u0442\u044c \u0438 \u043f\u0440\u0435\u0434\u0430\u043d\u043d\u043e\u0441\u0442\u044c \u0434\u0435\u043b\u0443 \u2013 <br>\u0412\u0430\u0448\u0435 \u0432\u0438\u0434\u0435\u043d\u0438\u0435 \u2013 \u043d\u0430\u0448\u0430 \u043c\u0438\u0441\u0441\u0438\u044f.<\/h3>\t\t\t\t<\/div>\n\t\t\t\t<\/div>\n\t\t\t\t<div class=\"elementor-element elementor-element-8ec128a elementor-widget__width-inherit elementor-widget elementor-widget-text-editor\" data-id=\"8ec128a\" data-element_type=\"widget\" data-e-type=\"widget\" data-widget_type=\"text-editor.default\">\n\t\t\t\t<div class=\"elementor-widget-container\">\n\t\t\t\t\t\t\t\t\t\u041d\u0430\u0448\u0430 \u0441\u0442\u0440\u0430\u0441\u0442\u044c \u043a \u0441\u0432\u043e\u0435\u043c\u0443 \u0434\u0435\u043b\u0443 \u043e\u0437\u043d\u0430\u0447\u0430\u0435\u0442, \u0447\u0442\u043e \u043c\u044b \u043f\u043e\u043b\u043d\u043e\u0441\u0442\u044c\u044e \u043f\u043e\u0441\u0432\u044f\u0449\u0430\u0435\u043c \u0441\u0435\u0431\u044f \u0432\u0430\u0448\u0435\u043c\u0443 \u043f\u0440\u043e\u0435\u043a\u0442\u0443. \u0412\u044b \u043f\u043e\u043b\u0443\u0447\u0430\u0435\u0442\u0435 \u0432\u044b\u0433\u043e\u0434\u0443 \u043e\u0442 \u043d\u0430\u0448\u0435\u0439 \u043f\u0440\u0435\u0434\u0430\u043d\u043d\u043e\u0441\u0442\u0438 \u0434\u0435\u043b\u0443, \u043a\u043e\u0442\u043e\u0440\u0430\u044f \u043f\u0440\u043e\u044f\u0432\u043b\u044f\u0435\u0442\u0441\u044f \u0432 \u043a\u0430\u0436\u0434\u043e\u0439 \u0434\u0435\u0442\u0430\u043b\u0438 \u2013 \u043e\u0442 \u043f\u0435\u0440\u0432\u043e\u043d\u0430\u0447\u0430\u043b\u044c\u043d\u043e\u0439 \u0438\u0434\u0435\u0438 \u0434\u043e \u0438\u0434\u0435\u0430\u043b\u044c\u043d\u043e\u0433\u043e \u0440\u0435\u0437\u0443\u043b\u044c\u0442\u0430\u0442\u0430.\t\t\t\t\t\t\t\t<\/div>\n\t\t\t\t<\/div>\n\t\t\t\t<\/div>\n\t\t<div class=\"elementor-element elementor-element-94b2436 e-con-full e-flex e-con e-child\" data-id=\"94b2436\" data-element_type=\"container\" data-e-type=\"container\">\n\t\t\t\t<div class=\"elementor-element elementor-element-a5a8241 elementor-widget__width-inherit elementor-widget elementor-widget-heading\" data-id=\"a5a8241\" data-element_type=\"widget\" data-e-type=\"widget\" data-widget_type=\"heading.default\">\n\t\t\t\t<div class=\"elementor-widget-container\">\n\t\t\t\t\t<h3 class=\"elementor-heading-title elementor-size-default\">\u0413\u0438\u0431\u043a\u043e\u0441\u0442\u044c \u0438 \u0438\u043d\u043d\u043e\u0432\u0430\u0446\u0438\u0438 \u2013 <br>\u0420\u0435\u0448\u0435\u043d\u0438\u044f, \u043a\u043e\u0442\u043e\u0440\u044b\u0435 \u0432\u0430\u043c \u043f\u043e\u0434\u0445\u043e\u0434\u044f\u0442<\/h3>\t\t\t\t<\/div>\n\t\t\t\t<\/div>\n\t\t\t\t<div class=\"elementor-element elementor-element-475dcce elementor-widget__width-inherit elementor-widget elementor-widget-text-editor\" data-id=\"475dcce\" data-element_type=\"widget\" data-e-type=\"widget\" data-widget_type=\"text-editor.default\">\n\t\t\t\t<div class=\"elementor-widget-container\">\n\t\t\t\t\t\t\t\t\t<p>\u0412 \u0443\u0441\u043b\u043e\u0432\u0438\u044f\u0445 \u0434\u0438\u043d\u0430\u043c\u0438\u0447\u043d\u043e \u0440\u0430\u0437\u0432\u0438\u0432\u0430\u044e\u0449\u0435\u0433\u043e\u0441\u044f \u0440\u044b\u043d\u043a\u0430 \u043c\u044b \u0433\u0438\u0431\u043a\u043e \u0430\u0434\u0430\u043f\u0442\u0438\u0440\u0443\u0435\u043c\u0441\u044f \u043a \u0432\u0430\u0448\u0438\u043c \u043f\u043e\u0442\u0440\u0435\u0431\u043d\u043e\u0441\u0442\u044f\u043c, \u043d\u0435\u0438\u0437\u043c\u0435\u043d\u043d\u043e \u0432\u043d\u0435\u0434\u0440\u044f\u044f \u0438\u043d\u043d\u043e\u0432\u0430\u0446\u0438\u0438. \u0411\u043b\u0430\u0433\u043e\u0434\u0430\u0440\u044f \u0441\u0432\u0435\u0436\u0438\u043c \u0438\u0434\u0435\u044f\u043c \u0438 \u0441\u043f\u043e\u0441\u043e\u0431\u043d\u043e\u0441\u0442\u0438 \u0443\u0441\u0442\u0430\u043d\u0430\u0432\u043b\u0438\u0432\u0430\u0442\u044c \u043d\u043e\u0432\u044b\u0435 \u0441\u0442\u0430\u043d\u0434\u0430\u0440\u0442\u044b, \u043c\u044b \u043f\u0440\u0435\u0434\u043b\u0430\u0433\u0430\u0435\u043c \u0440\u0435\u0448\u0435\u043d\u0438\u044f, \u043a\u043e\u0442\u043e\u0440\u044b\u0435 \u043d\u0435 \u0442\u043e\u043b\u044c\u043a\u043e \u0432\u043f\u0435\u0447\u0430\u0442\u043b\u044f\u044e\u0442, \u043d\u043e \u0438 \u0432\u044b\u0434\u0435\u0440\u0436\u0438\u0432\u0430\u044e\u0442 \u0438\u0441\u043f\u044b\u0442\u0430\u043d\u0438\u0435 \u0432\u0440\u0435\u043c\u0435\u043d\u0435\u043c.<\/p>\t\t\t\t\t\t\t\t<\/div>\n\t\t\t\t<\/div>\n\t\t\t\t<\/div>\n\t\t<div class=\"elementor-element elementor-element-c2f4569 e-con-full e-flex e-con e-child\" data-id=\"c2f4569\" data-element_type=\"container\" data-e-type=\"container\">\n\t\t\t\t<div class=\"elementor-element elementor-element-23d2771 elementor-widget__width-inherit elementor-widget elementor-widget-heading\" data-id=\"23d2771\" data-element_type=\"widget\" data-e-type=\"widget\" data-widget_type=\"heading.default\">\n\t\t\t\t<div class=\"elementor-widget-container\">\n\t\t\t\t\t<h3 class=\"elementor-heading-title elementor-size-default\">\u041e\u0442\u043a\u0440\u044b\u0442\u043e\u0435 \u043e\u0431\u0449\u0435\u043d\u0438\u0435 \u0438 \u0434\u043e\u0432\u0435\u0440\u0438\u0435 \u2013 <br>\u0421\u043e\u0442\u0440\u0443\u0434\u043d\u0438\u0447\u0435\u0441\u0442\u0432\u043e, \u043d\u0430 \u043e\u0441\u043d\u043e\u0432\u0435 \u043a\u043e\u0442\u043e\u0440\u043e\u0433\u043e \u043c\u043e\u0436\u043d\u043e \u0441\u0442\u0440\u043e\u0438\u0442\u044c \u0434\u0430\u043b\u044c\u043d\u0435\u0439\u0448\u0443\u044e \u0440\u0430\u0431\u043e\u0442\u0443<\/h3>\t\t\t\t<\/div>\n\t\t\t\t<\/div>\n\t\t\t\t<div class=\"elementor-element elementor-element-b39956a elementor-widget__width-inherit elementor-widget elementor-widget-text-editor\" data-id=\"b39956a\" data-element_type=\"widget\" data-e-type=\"widget\" data-widget_type=\"text-editor.default\">\n\t\t\t\t<div class=\"elementor-widget-container\">\n\t\t\t\t\t\t\t\t\t\u041c\u044b \u043f\u0440\u0438\u0434\u0430\u0435\u043c \u0431\u043e\u043b\u044c\u0448\u043e\u0435 \u0437\u043d\u0430\u0447\u0435\u043d\u0438\u0435 \u0447\u0435\u0442\u043a\u043e\u0439 \u0438 \u043e\u0442\u043a\u0440\u044b\u0442\u043e\u0439 \u043a\u043e\u043c\u043c\u0443\u043d\u0438\u043a\u0430\u0446\u0438\u0438, \u0447\u0442\u043e\u0431\u044b \u0432\u0430\u0448\u0438 \u043f\u043e\u0436\u0435\u043b\u0430\u043d\u0438\u044f \u0438 \u0446\u0435\u043b\u0438 \u0432\u0441\u0435\u0433\u0434\u0430 \u043e\u0441\u0442\u0430\u0432\u0430\u043b\u0438\u0441\u044c \u0434\u043b\u044f \u043d\u0430\u0441 \u043f\u0440\u0438\u043e\u0440\u0438\u0442\u0435\u0442\u043e\u043c. \u041d\u0430\u0448\u0435 \u0432\u0437\u0430\u0438\u043c\u043d\u043e\u0435 \u0434\u043e\u0432\u0435\u0440\u0438\u0435, \u0430 \u0442\u0430\u043a\u0436\u0435 \u0434\u043e\u0432\u0435\u0440\u0438\u0435 \u043a \u0432\u0430\u043c \u043a\u0430\u043a \u043a \u043d\u0430\u0448\u0435\u043c\u0443 \u043a\u043b\u0438\u0435\u043d\u0442\u0443, \u044f\u0432\u043b\u044f\u044e\u0442\u0441\u044f \u043e\u0441\u043d\u043e\u0432\u043e\u0439 \u0443\u0441\u043f\u0435\u0448\u043d\u043e\u0433\u043e \u043f\u0430\u0440\u0442\u043d\u0435\u0440\u0441\u0442\u0432\u0430 \u0438 \u043f\u0440\u0438\u043d\u044f\u0442\u0438\u044f \u0432\u0437\u0432\u0435\u0448\u0435\u043d\u043d\u044b\u0445 \u0440\u0435\u0448\u0435\u043d\u0438\u0439, \u0441\u043f\u043e\u0441\u043e\u0431\u0441\u0442\u0432\u0443\u044e\u0449\u0438\u0445 \u0432\u0430\u0448\u0435\u043c\u0443 \u0443\u0441\u043f\u0435\u0445\u0443.\t\t\t\t\t\t\t\t<\/div>\n\t\t\t\t<\/div>\n\t\t\t\t<\/div>\n\t\t<div class=\"elementor-element elementor-element-b4844f0 e-con-full e-flex e-con e-child\" data-id=\"b4844f0\" data-element_type=\"container\" data-e-type=\"container\">\n\t\t\t\t<div class=\"elementor-element elementor-element-a844f36 elementor-widget__width-inherit elementor-widget elementor-widget-heading\" data-id=\"a844f36\" data-element_type=\"widget\" data-e-type=\"widget\" data-widget_type=\"heading.default\">\n\t\t\t\t<div class=\"elementor-widget-container\">\n\t\t\t\t\t<h3 class=\"elementor-heading-title elementor-size-default\">\u0423\u0441\u043f\u0435\u0445\u0438 \u0433\u043e\u0432\u043e\u0440\u044f\u0442 \u0441\u0430\u043c\u0438 \u0437\u0430 \u0441\u0435\u0431\u044f \u2013 <br>\u0412\u0430\u0448\u0430 \u0434\u043e\u043f\u043e\u043b\u043d\u0438\u0442\u0435\u043b\u044c\u043d\u0430\u044f \u0446\u0435\u043d\u043d\u043e\u0441\u0442\u044c \u0431\u043b\u0430\u0433\u043e\u0434\u0430\u0440\u044f \u043d\u0430\u0448\u0438\u043c \u0443\u0441\u043b\u0443\u0433\u0430\u043c<\/h3>\t\t\t\t<\/div>\n\t\t\t\t<\/div>\n\t\t\t\t<div class=\"elementor-element elementor-element-fb8f1bc elementor-widget__width-inherit elementor-widget elementor-widget-text-editor\" data-id=\"fb8f1bc\" data-element_type=\"widget\" data-e-type=\"widget\" data-widget_type=\"text-editor.default\">\n\t\t\t\t<div class=\"elementor-widget-container\">\n\t\t\t\t\t\t\t\t\t\u041d\u0430\u0448 \u043f\u043e\u0434\u0442\u0432\u0435\u0440\u0436\u0434\u0435\u043d\u043d\u044b\u0439 \u043e\u043f\u044b\u0442, \u043d\u0430\u043f\u0440\u0438\u043c\u0435\u0440, \u0443\u0441\u043f\u0435\u0448\u043d\u043e\u0435 \u0442\u0440\u0443\u0434\u043e\u0443\u0441\u0442\u0440\u043e\u0439\u0441\u0442\u0432\u043e \u0441\u043e\u0438\u0441\u043a\u0430\u0442\u0435\u043b\u0435\u0439 \u0438 \u043d\u0430\u0447\u0438\u043d\u0430\u044e\u0449\u0438\u0445 \u043f\u0440\u0435\u0434\u043f\u0440\u0438\u043d\u0438\u043c\u0430\u0442\u0435\u043b\u0435\u0439, \u0434\u0435\u043c\u043e\u043d\u0441\u0442\u0440\u0438\u0440\u0443\u0435\u0442, \u0447\u0442\u043e \u043d\u0430\u0448\u0430 \u043f\u0440\u0435\u0434\u0430\u043d\u043d\u043e\u0441\u0442\u044c \u0434\u0435\u043b\u0443 \u0438 \u043f\u0440\u043e\u0444\u0435\u0441\u0441\u0438\u043e\u043d\u0430\u043b\u0438\u0437\u043c \u043f\u0440\u0435\u0432\u043e\u0441\u0445\u043e\u0434\u044f\u0442 \u0432\u0430\u0448\u0438 \u043e\u0436\u0438\u0434\u0430\u043d\u0438\u044f. \u0412\u0430\u0448 \u0443\u0441\u043f\u0435\u0445 \u2014 \u043d\u0430\u0448\u0430 \u043c\u043e\u0442\u0438\u0432\u0430\u0446\u0438\u044f, \u0438 \u0432\u043c\u0435\u0441\u0442\u0435 \u043c\u044b \u0434\u043e\u0441\u0442\u0438\u0433\u043d\u0435\u043c \u0432\u0430\u0448\u0438\u0445 \u0446\u0435\u043b\u0435\u0439.\t\t\t\t\t\t\t\t<\/div>\n\t\t\t\t<\/div>\n\t\t\t\t<\/div>\n\t\t\t\t\t<\/div>\n\t\t\t\t<\/div>\n\t\t\t\t<\/div>","protected":false},"excerpt":{"rendered":"<p>Unser Team Unser perfekt aufeinander abgestimmtes Team arbeitet Hand in Hand, um Ihre Anforderungen zielgerichtet und effizient zu erf\u00fcllen. Mit unserer engen Zusammenarbeit garantieren wir Ihnen kreative und praktikable L\u00f6sungen, selbst bei komplexen Herausforderungen. Vielfalt und Expertise \u2013 F\u00fcr Ihre individuellen Bed\u00fcrfnisse Profitieren Sie von einem Team aus Experten mit unterschiedlichen Fachrichtungen, darunter Sozialp\u00e4dagogen, Psychologen [&hellip;]<\/p>\n","protected":false},"author":2,"featured_media":0,"parent":0,"menu_order":0,"comment_status":"closed","ping_status":"closed","template":"elementor_header_footer","meta":{"footnotes":""},"class_list":["post-1278","page","type-page","status-publish","hentry"],"_links":{"self":[{"href":"https:\/\/ancora-coaching.de\/ru\/wp-json\/wp\/v2\/pages\/1278","targetHints":{"allow":["GET"]}}],"collection":[{"href":"https:\/\/ancora-coaching.de\/ru\/wp-json\/wp\/v2\/pages"}],"about":[{"href":"https:\/\/ancora-coaching.de\/ru\/wp-json\/wp\/v2\/types\/page"}],"author":[{"embeddable":true,"href":"https:\/\/ancora-coaching.de\/ru\/wp-json\/wp\/v2\/users\/2"}],"replies":[{"embeddable":true,"href":"https:\/\/ancora-coaching.de\/ru\/wp-json\/wp\/v2\/comments?post=1278"}],"version-history":[{"count":34,"href":"https:\/\/ancora-coaching.de\/ru\/wp-json\/wp\/v2\/pages\/1278\/revisions"}],"predecessor-version":[{"id":1721,"href":"https:\/\/ancora-coaching.de\/ru\/wp-json\/wp\/v2\/pages\/1278\/revisions\/1721"}],"wp:attachment":[{"href":"https:\/\/ancora-coaching.de\/ru\/wp-json\/wp\/v2\/media?parent=1278"}],"curies":[{"name":"WP","href":"https:\/\/api.w.org\/{rel}","templated":true}]}}