{"id":160,"date":"2024-12-30T03:25:52","date_gmt":"2024-12-30T03:25:52","guid":{"rendered":"https:\/\/ancora-coaching.de\/?page_id=160"},"modified":"2025-02-10T15:17:53","modified_gmt":"2025-02-10T15:17:53","slug":"sachkundepruefung-nach-%c2%a7-34a","status":"publish","type":"page","link":"https:\/\/ancora-coaching.de\/ru\/startseite\/sachkundepruefung-nach-%c2%a7-34a\/","title":{"rendered":"\u042d\u043a\u0437\u0430\u043c\u0435\u043d \u043d\u0430 \u043f\u0440\u043e\u0444\u0435\u0441\u0441\u0438\u043e\u043d\u0430\u043b\u044c\u043d\u0443\u044e \u043f\u0440\u0438\u0433\u043e\u0434\u043d\u043e\u0441\u0442\u044c \u0441\u043e\u0433\u043b\u0430\u0441\u043d\u043e \u00a7 34\u0430"},"content":{"rendered":"\t\t<div data-elementor-type=\"wp-page\" data-elementor-id=\"160\" class=\"elementor elementor-160\" data-elementor-post-type=\"page\">\n\t\t\t\t<div class=\"elementor-element elementor-element-3c5b881 e-flex e-con-boxed e-con e-child\" data-id=\"3c5b881\" data-element_type=\"container\" data-e-type=\"container\" data-settings=\"{&quot;background_background&quot;:&quot;classic&quot;}\">\n\t\t\t\t\t<div class=\"e-con-inner\">\n\t\t<div class=\"elementor-element elementor-element-c214ac4 e-con-full e-flex e-con e-child\" data-id=\"c214ac4\" data-element_type=\"container\" data-e-type=\"container\">\n\t\t\t\t<div class=\"elementor-element elementor-element-93f93cd elementor-widget-divider--view-line elementor-widget elementor-widget-divider\" data-id=\"93f93cd\" data-element_type=\"widget\" data-e-type=\"widget\" data-widget_type=\"divider.default\">\n\t\t\t\t<div class=\"elementor-widget-container\">\n\t\t\t\t\t\t\t<div class=\"elementor-divider\">\n\t\t\t<span class=\"elementor-divider-separator\">\n\t\t\t\t\t\t<\/span>\n\t\t<\/div>\n\t\t\t\t\t\t<\/div>\n\t\t\t\t<\/div>\n\t\t\t\t<div class=\"elementor-element elementor-element-3c2c10d elementor-widget__width-inherit elementor-widget elementor-widget-heading\" data-id=\"3c2c10d\" data-element_type=\"widget\" data-e-type=\"widget\" data-widget_type=\"heading.default\">\n\t\t\t\t<div class=\"elementor-widget-container\">\n\t\t\t\t\t<h2 class=\"elementor-heading-title elementor-size-default\">Vorbereitung auf die Sachkundepr\u00fcfung nach \u00a7 34a GewO (Security)<\/h2>\t\t\t\t<\/div>\n\t\t\t\t<\/div>\n\t\t\t\t<div class=\"elementor-element elementor-element-e5d8b74 elementor-widget__width-initial elementor-widget elementor-widget-text-editor\" data-id=\"e5d8b74\" data-element_type=\"widget\" data-e-type=\"widget\" data-widget_type=\"text-editor.default\">\n\t\t\t\t<div class=\"elementor-widget-container\">\n\t\t\t\t\t\t\t\t\t<p>Die 34a Coaching richtet sich an Personen, die die Sachkundepr\u00fcfung nach \u00a7 34a der Gewerbeordnung (GewO) ablegen m\u00fcssen. Diese Pr\u00fcfung ist Voraussetzung, um im Bereich des Bewachungsgewerbes t\u00e4tig zu sein, insbesondere in T\u00e4tigkeiten wie T\u00fcrsteher, Objekt- und Personenschutz oder Sicherheitsdienstleistungen.<\/p>\t\t\t\t\t\t\t\t<\/div>\n\t\t\t\t<\/div>\n\t\t\t\t<\/div>\n\t\t\t\t\t<\/div>\n\t\t\t\t<\/div>\n\t\t<div class=\"elementor-element elementor-element-a35c4b2 e-flex e-con-boxed e-con e-parent\" data-id=\"a35c4b2\" data-element_type=\"container\" data-e-type=\"container\">\n\t\t\t\t\t<div class=\"e-con-inner\">\n\t\t\t\t<div class=\"elementor-element elementor-element-c7a505a elementor-widget__width-initial elementor-widget elementor-widget-heading\" data-id=\"c7a505a\" data-element_type=\"widget\" data-e-type=\"widget\" data-widget_type=\"heading.default\">\n\t\t\t\t<div class=\"elementor-widget-container\">\n\t\t\t\t\t<h3 class=\"elementor-heading-title elementor-size-default\">Wer profitiert von der Vorbereitung auf die Sachkundepr\u00fcfung nach \u00a7 34a GewO (Security)?<\/h3>\t\t\t\t<\/div>\n\t\t\t\t<\/div>\n\t\t\t\t<div class=\"elementor-element elementor-element-e2b8530 elementor-widget__width-initial elementor-widget elementor-widget-text-editor\" data-id=\"e2b8530\" data-element_type=\"widget\" data-e-type=\"widget\" data-widget_type=\"text-editor.default\">\n\t\t\t\t<div class=\"elementor-widget-container\">\n\t\t\t\t\t\t\t\t\t<ul><li>Personen, die im Bewachungsgewerbe t\u00e4tig werden m\u00f6chten.<\/li><li>Quereinsteiger in die Sicherheitsbranche.<\/li><li>Mitarbeiter von Sicherheitsdiensten, die die Sachkundepr\u00fcfung noch ablegen m\u00fcssen.<\/li><\/ul>\t\t\t\t\t\t\t\t<\/div>\n\t\t\t\t<\/div>\n\t\t\t\t\t<\/div>\n\t\t\t\t<\/div>\n\t\t<div class=\"elementor-element elementor-element-54d37df e-flex e-con-boxed e-con e-child\" data-id=\"54d37df\" data-element_type=\"container\" data-e-type=\"container\" data-settings=\"{&quot;background_background&quot;:&quot;classic&quot;}\">\n\t\t\t\t\t<div class=\"e-con-inner\">\n\t\t<div class=\"elementor-element elementor-element-9e7d26b e-con-full e-flex e-con e-child\" data-id=\"9e7d26b\" data-element_type=\"container\" data-e-type=\"container\">\n\t\t\t\t<div class=\"elementor-element elementor-element-c53f581 elementor-widget-tablet__width-initial elementor-widget elementor-widget-heading\" data-id=\"c53f581\" data-element_type=\"widget\" data-e-type=\"widget\" data-widget_type=\"heading.default\">\n\t\t\t\t<div class=\"elementor-widget-container\">\n\t\t\t\t\t<h3 class=\"elementor-heading-title elementor-size-default\">Ziele von der Vorbereitung auf die Sachkundepr\u00fcfung nach \u00a7 34a GewO (Security)?<\/h3>\t\t\t\t<\/div>\n\t\t\t\t<\/div>\n\t\t\t\t<\/div>\n\t\t<div class=\"elementor-element elementor-element-3d06e8c e-con-full e-flex e-con e-child\" data-id=\"3d06e8c\" data-element_type=\"container\" data-e-type=\"container\">\n\t\t<div class=\"elementor-element elementor-element-f8b6fc0 e-con-full e-flex e-con e-child\" data-id=\"f8b6fc0\" data-element_type=\"container\" data-e-type=\"container\">\n\t\t\t\t<div class=\"elementor-element elementor-element-fbd3e87 elementor-widget__width-initial elementor-widget elementor-widget-heading\" data-id=\"fbd3e87\" data-element_type=\"widget\" data-e-type=\"widget\" data-widget_type=\"heading.default\">\n\t\t\t\t<div class=\"elementor-widget-container\">\n\t\t\t\t\t<h4 class=\"elementor-heading-title elementor-size-default\">Gezielte Pr\u00fcfungsvorbereitung<\/h4>\t\t\t\t<\/div>\n\t\t\t\t<\/div>\n\t\t\t\t<div class=\"elementor-element elementor-element-03bb7a0 elementor-widget__width-inherit elementor-widget elementor-widget-text-editor\" data-id=\"03bb7a0\" data-element_type=\"widget\" data-e-type=\"widget\" data-widget_type=\"text-editor.default\">\n\t\t\t\t<div class=\"elementor-widget-container\">\n\t\t\t\t\t\t\t\t\tFokus auf relevante Themen.\t\t\t\t\t\t\t\t<\/div>\n\t\t\t\t<\/div>\n\t\t\t\t<\/div>\n\t\t<div class=\"elementor-element elementor-element-936fa2d e-con-full e-flex e-con e-child\" data-id=\"936fa2d\" data-element_type=\"container\" data-e-type=\"container\">\n\t\t\t\t<div class=\"elementor-element elementor-element-62e361e elementor-widget__width-initial elementor-widget elementor-widget-heading\" data-id=\"62e361e\" data-element_type=\"widget\" data-e-type=\"widget\" data-widget_type=\"heading.default\">\n\t\t\t\t<div class=\"elementor-widget-container\">\n\t\t\t\t\t<h4 class=\"elementor-heading-title elementor-size-default\">Erh\u00f6hung der Erfolgschancen<\/h4>\t\t\t\t<\/div>\n\t\t\t\t<\/div>\n\t\t\t\t<div class=\"elementor-element elementor-element-7853911 elementor-widget__width-inherit elementor-widget elementor-widget-text-editor\" data-id=\"7853911\" data-element_type=\"widget\" data-e-type=\"widget\" data-widget_type=\"text-editor.default\">\n\t\t\t\t<div class=\"elementor-widget-container\">\n\t\t\t\t\t\t\t\t\tUnterst\u00fctzung durch erfahrene Coaches.\t\t\t\t\t\t\t\t<\/div>\n\t\t\t\t<\/div>\n\t\t\t\t<\/div>\n\t\t<div class=\"elementor-element elementor-element-251db87 e-con-full e-flex e-con e-child\" data-id=\"251db87\" data-element_type=\"container\" data-e-type=\"container\">\n\t\t\t\t<div class=\"elementor-element elementor-element-f70c2f5 elementor-widget__width-initial elementor-widget elementor-widget-heading\" data-id=\"f70c2f5\" data-element_type=\"widget\" data-e-type=\"widget\" data-widget_type=\"heading.default\">\n\t\t\t\t<div class=\"elementor-widget-container\">\n\t\t\t\t\t<h4 class=\"elementor-heading-title elementor-size-default\">Flexibilit\u00e4t<\/h4>\t\t\t\t<\/div>\n\t\t\t\t<\/div>\n\t\t\t\t<div class=\"elementor-element elementor-element-5811911 elementor-widget__width-inherit elementor-widget elementor-widget-text-editor\" data-id=\"5811911\" data-element_type=\"widget\" data-e-type=\"widget\" data-widget_type=\"text-editor.default\">\n\t\t\t\t<div class=\"elementor-widget-container\">\n\t\t\t\t\t\t\t\t\tLernen im eigenen Tempo.\t\t\t\t\t\t\t\t<\/div>\n\t\t\t\t<\/div>\n\t\t\t\t<\/div>\n\t\t<div class=\"elementor-element elementor-element-92842a7 e-con-full e-flex e-con e-child\" data-id=\"92842a7\" data-element_type=\"container\" data-e-type=\"container\">\n\t\t\t\t<div class=\"elementor-element elementor-element-16e0f7b elementor-widget__width-initial elementor-widget elementor-widget-heading\" data-id=\"16e0f7b\" data-element_type=\"widget\" data-e-type=\"widget\" data-widget_type=\"heading.default\">\n\t\t\t\t<div class=\"elementor-widget-container\">\n\t\t\t\t\t<h4 class=\"elementor-heading-title elementor-size-default\">Praxisn\u00e4he<\/h4>\t\t\t\t<\/div>\n\t\t\t\t<\/div>\n\t\t\t\t<div class=\"elementor-element elementor-element-1107b73 elementor-widget__width-inherit elementor-widget elementor-widget-text-editor\" data-id=\"1107b73\" data-element_type=\"widget\" data-e-type=\"widget\" data-widget_type=\"text-editor.default\">\n\t\t\t\t<div class=\"elementor-widget-container\">\n\t\t\t\t\t\t\t\t\tVermittlung von realit\u00e4tsnahen Szenarien.\t\t\t\t\t\t\t\t<\/div>\n\t\t\t\t<\/div>\n\t\t\t\t<\/div>\n\t\t<div class=\"elementor-element elementor-element-944591a e-con-full elementor-hidden-mobile e-flex e-con e-child\" data-id=\"944591a\" data-element_type=\"container\" data-e-type=\"container\">\n\t\t\t\t<\/div>\n\t\t<div class=\"elementor-element elementor-element-f06cb8e e-con-full elementor-hidden-mobile e-flex e-con e-child\" data-id=\"f06cb8e\" data-element_type=\"container\" data-e-type=\"container\">\n\t\t\t\t<\/div>\n\t\t\t\t<\/div>\n\t\t\t\t\t<\/div>\n\t\t\t\t<\/div>\n\t\t<div class=\"elementor-element elementor-element-61a2f04d e-flex e-con-boxed e-con e-parent\" data-id=\"61a2f04d\" data-element_type=\"container\" data-e-type=\"container\">\n\t\t\t\t\t<div class=\"e-con-inner\">\n\t\t\t\t<div class=\"elementor-element elementor-element-3acd6011 elementor-widget__width-inherit elementor-widget elementor-widget-heading\" data-id=\"3acd6011\" data-element_type=\"widget\" data-e-type=\"widget\" data-widget_type=\"heading.default\">\n\t\t\t\t<div class=\"elementor-widget-container\">\n\t\t\t\t\t<h3 class=\"elementor-heading-title elementor-size-default\">Inhalte des 34a Coachings\n<\/h3>\t\t\t\t<\/div>\n\t\t\t\t<\/div>\n\t\t<div class=\"elementor-element elementor-element-7ae719e4 e-con-full e-flex e-con e-child\" data-id=\"7ae719e4\" data-element_type=\"container\" data-e-type=\"container\" data-settings=\"{&quot;background_background&quot;:&quot;classic&quot;}\">\n\t\t\t\t<div class=\"elementor-element elementor-element-62110a78 elementor-widget__width-initial elementor-widget elementor-widget-image\" data-id=\"62110a78\" data-element_type=\"widget\" data-e-type=\"widget\" data-widget_type=\"image.default\">\n\t\t\t\t<div class=\"elementor-widget-container\">\n\t\t\t\t\t\t\t\t\t\t\t\t\t\t\t<img decoding=\"async\" width=\"30\" height=\"30\" src=\"https:\/\/ancora-coaching.de\/wp-content\/uploads\/2024\/12\/number-1-e1631096925907.png\" class=\"attachment-large size-large wp-image-32\" alt=\"\" \/>\t\t\t\t\t\t\t\t\t\t\t\t\t\t\t<\/div>\n\t\t\t\t<\/div>\n\t\t<div class=\"elementor-element elementor-element-60831e7b e-con-full e-flex e-con e-child\" data-id=\"60831e7b\" data-element_type=\"container\" data-e-type=\"container\">\n\t\t\t\t<div class=\"elementor-element elementor-element-6760bad1 elementor-widget elementor-widget-heading\" data-id=\"6760bad1\" data-element_type=\"widget\" data-e-type=\"widget\" data-widget_type=\"heading.default\">\n\t\t\t\t<div class=\"elementor-widget-container\">\n\t\t\t\t\t<h4 class=\"elementor-heading-title elementor-size-default\">Rechtliche Grundlagen<\/h4>\t\t\t\t<\/div>\n\t\t\t\t<\/div>\n\t\t\t\t<div class=\"elementor-element elementor-element-50c47cad elementor-widget__width-initial elementor-widget elementor-widget-text-editor\" data-id=\"50c47cad\" data-element_type=\"widget\" data-e-type=\"widget\" data-widget_type=\"text-editor.default\">\n\t\t\t\t<div class=\"elementor-widget-container\">\n\t\t\t\t\t\t\t\t\t<ul><li>Gewerberecht, Datenschutzrecht, B\u00fcrgerliches Gesetzbuch (BGB).<\/li><li>Straf- und Verfahrensrecht, z. B. Notwehr<\/li><li><span style=\"word-break: break-all;\">Ordnungswidrigkeitenrecht.<\/span><\/li><\/ul>\t\t\t\t\t\t\t\t<\/div>\n\t\t\t\t<\/div>\n\t\t\t\t<\/div>\n\t\t\t\t<\/div>\n\t\t<div class=\"elementor-element elementor-element-49ee6c39 e-con-full e-flex e-con e-child\" data-id=\"49ee6c39\" data-element_type=\"container\" data-e-type=\"container\" data-settings=\"{&quot;background_background&quot;:&quot;classic&quot;}\">\n\t\t\t\t<div class=\"elementor-element elementor-element-2b28a2a9 elementor-widget__width-initial elementor-widget elementor-widget-image\" data-id=\"2b28a2a9\" data-element_type=\"widget\" data-e-type=\"widget\" data-widget_type=\"image.default\">\n\t\t\t\t<div class=\"elementor-widget-container\">\n\t\t\t\t\t\t\t\t\t\t\t\t\t\t\t<img decoding=\"async\" width=\"30\" height=\"30\" src=\"https:\/\/ancora-coaching.de\/wp-content\/uploads\/2024\/12\/number-2-e1631097007496.png\" class=\"attachment-large size-large wp-image-33\" alt=\"\" \/>\t\t\t\t\t\t\t\t\t\t\t\t\t\t\t<\/div>\n\t\t\t\t<\/div>\n\t\t<div class=\"elementor-element elementor-element-53caeaaa e-con-full e-flex e-con e-child\" data-id=\"53caeaaa\" data-element_type=\"container\" data-e-type=\"container\">\n\t\t\t\t<div class=\"elementor-element elementor-element-362a913a elementor-widget elementor-widget-heading\" data-id=\"362a913a\" data-element_type=\"widget\" data-e-type=\"widget\" data-widget_type=\"heading.default\">\n\t\t\t\t<div class=\"elementor-widget-container\">\n\t\t\t\t\t<h4 class=\"elementor-heading-title elementor-size-default\">Spezielle Rechtsvorschriften<\/h4>\t\t\t\t<\/div>\n\t\t\t\t<\/div>\n\t\t\t\t<div class=\"elementor-element elementor-element-71966aca elementor-widget__width-initial elementor-widget elementor-widget-text-editor\" data-id=\"71966aca\" data-element_type=\"widget\" data-e-type=\"widget\" data-widget_type=\"text-editor.default\">\n\t\t\t\t<div class=\"elementor-widget-container\">\n\t\t\t\t\t\t\t\t\t<ul><li><span style=\"word-break: break-all;\">Bewachungsverordnung <\/span>(BewachV).<\/li><li>Umgang mit Waffen, <span style=\"word-break: break-all;\">Sicherheitsvorschriften<\/span>.<\/li><\/ul>\t\t\t\t\t\t\t\t<\/div>\n\t\t\t\t<\/div>\n\t\t\t\t<\/div>\n\t\t\t\t<\/div>\n\t\t<div class=\"elementor-element elementor-element-28f26a06 e-con-full e-flex e-con e-child\" data-id=\"28f26a06\" data-element_type=\"container\" data-e-type=\"container\" data-settings=\"{&quot;background_background&quot;:&quot;classic&quot;}\">\n\t\t\t\t<div class=\"elementor-element elementor-element-1901f476 elementor-widget__width-initial elementor-widget elementor-widget-image\" data-id=\"1901f476\" data-element_type=\"widget\" data-e-type=\"widget\" data-widget_type=\"image.default\">\n\t\t\t\t<div class=\"elementor-widget-container\">\n\t\t\t\t\t\t\t\t\t\t\t\t\t\t\t<img decoding=\"async\" width=\"30\" height=\"30\" src=\"https:\/\/ancora-coaching.de\/wp-content\/uploads\/2024\/12\/number-3-e1631097026589.png\" class=\"attachment-large size-large wp-image-34\" alt=\"\" \/>\t\t\t\t\t\t\t\t\t\t\t\t\t\t\t<\/div>\n\t\t\t\t<\/div>\n\t\t<div class=\"elementor-element elementor-element-671a0d5f e-con-full e-flex e-con e-child\" data-id=\"671a0d5f\" data-element_type=\"container\" data-e-type=\"container\">\n\t\t\t\t<div class=\"elementor-element elementor-element-2324dba4 elementor-widget elementor-widget-heading\" data-id=\"2324dba4\" data-element_type=\"widget\" data-e-type=\"widget\" data-widget_type=\"heading.default\">\n\t\t\t\t<div class=\"elementor-widget-container\">\n\t\t\t\t\t<h4 class=\"elementor-heading-title elementor-size-default\">Umgang mit Menschen<\/h4>\t\t\t\t<\/div>\n\t\t\t\t<\/div>\n\t\t\t\t<div class=\"elementor-element elementor-element-fd56eb0 elementor-widget__width-initial elementor-widget elementor-widget-text-editor\" data-id=\"fd56eb0\" data-element_type=\"widget\" data-e-type=\"widget\" data-widget_type=\"text-editor.default\">\n\t\t\t\t<div class=\"elementor-widget-container\">\n\t\t\t\t\t\t\t\t\t<ul><li>Kommunikation und <span style=\"word-break: break-all;\">Deeskalationstechniken<\/span>.<\/li><li>Verhalten in Konfliktsituationen.<\/li><\/ul>\t\t\t\t\t\t\t\t<\/div>\n\t\t\t\t<\/div>\n\t\t\t\t<\/div>\n\t\t\t\t<\/div>\n\t\t<div class=\"elementor-element elementor-element-1c1420f9 e-con-full e-flex e-con e-child\" data-id=\"1c1420f9\" data-element_type=\"container\" data-e-type=\"container\" data-settings=\"{&quot;background_background&quot;:&quot;classic&quot;}\">\n\t\t\t\t<div class=\"elementor-element elementor-element-1c6c9628 elementor-widget__width-initial elementor-widget elementor-widget-image\" data-id=\"1c6c9628\" data-element_type=\"widget\" data-e-type=\"widget\" data-widget_type=\"image.default\">\n\t\t\t\t<div class=\"elementor-widget-container\">\n\t\t\t\t\t\t\t\t\t\t\t\t\t\t\t<img loading=\"lazy\" decoding=\"async\" width=\"30\" height=\"30\" src=\"https:\/\/ancora-coaching.de\/wp-content\/uploads\/2024\/12\/number-4-e1631097079788.png\" class=\"attachment-large size-large wp-image-35\" alt=\"\" \/>\t\t\t\t\t\t\t\t\t\t\t\t\t\t\t<\/div>\n\t\t\t\t<\/div>\n\t\t<div class=\"elementor-element elementor-element-b4dfc77 e-con-full e-flex e-con e-child\" data-id=\"b4dfc77\" data-element_type=\"container\" data-e-type=\"container\">\n\t\t\t\t<div class=\"elementor-element elementor-element-716230cb elementor-widget elementor-widget-heading\" data-id=\"716230cb\" data-element_type=\"widget\" data-e-type=\"widget\" data-widget_type=\"heading.default\">\n\t\t\t\t<div class=\"elementor-widget-container\">\n\t\t\t\t\t<h4 class=\"elementor-heading-title elementor-size-default\">Grundlagen der Sicherheitstechnik<\/h4>\t\t\t\t<\/div>\n\t\t\t\t<\/div>\n\t\t\t\t<div class=\"elementor-element elementor-element-9dfbf05 elementor-widget__width-initial elementor-widget elementor-widget-text-editor\" data-id=\"9dfbf05\" data-element_type=\"widget\" data-e-type=\"widget\" data-widget_type=\"text-editor.default\">\n\t\t\t\t<div class=\"elementor-widget-container\">\n\t\t\t\t\t\t\t\t\t<ul><li>Schutz von Objekten, Personen und Veranstaltungen.<\/li><\/ul>\t\t\t\t\t\t\t\t<\/div>\n\t\t\t\t<\/div>\n\t\t\t\t<\/div>\n\t\t\t\t<\/div>\n\t\t<div class=\"elementor-element elementor-element-9364faf e-con-full e-flex e-con e-child\" data-id=\"9364faf\" data-element_type=\"container\" data-e-type=\"container\" data-settings=\"{&quot;background_background&quot;:&quot;classic&quot;}\">\n\t\t\t\t<div class=\"elementor-element elementor-element-a19fe5c elementor-widget__width-initial elementor-widget elementor-widget-image\" data-id=\"a19fe5c\" data-element_type=\"widget\" data-e-type=\"widget\" data-widget_type=\"image.default\">\n\t\t\t\t<div class=\"elementor-widget-container\">\n\t\t\t\t\t\t\t\t\t\t\t\t\t\t\t<img loading=\"lazy\" decoding=\"async\" width=\"30\" height=\"30\" src=\"https:\/\/ancora-coaching.de\/wp-content\/uploads\/2025\/01\/number-5-e1631097090541.png\" class=\"attachment-large size-large wp-image-246\" alt=\"\" \/>\t\t\t\t\t\t\t\t\t\t\t\t\t\t\t<\/div>\n\t\t\t\t<\/div>\n\t\t<div class=\"elementor-element elementor-element-0601226 e-con-full e-flex e-con e-child\" data-id=\"0601226\" data-element_type=\"container\" data-e-type=\"container\">\n\t\t\t\t<div class=\"elementor-element elementor-element-138f5f6 elementor-widget elementor-widget-heading\" data-id=\"138f5f6\" data-element_type=\"widget\" data-e-type=\"widget\" data-widget_type=\"heading.default\">\n\t\t\t\t<div class=\"elementor-widget-container\">\n\t\t\t\t\t<h4 class=\"elementor-heading-title elementor-size-default\">Pr\u00fcfungsvorbereitung<\/h4>\t\t\t\t<\/div>\n\t\t\t\t<\/div>\n\t\t\t\t<div class=\"elementor-element elementor-element-c1e183a elementor-widget__width-initial elementor-widget elementor-widget-text-editor\" data-id=\"c1e183a\" data-element_type=\"widget\" data-e-type=\"widget\" data-widget_type=\"text-editor.default\">\n\t\t\t\t<div class=\"elementor-widget-container\">\n\t\t\t\t\t\t\t\t\t<ul><li>Simulation von <span style=\"word-break: break-all;\">Pr\u00fcfungssituationen.<\/span><\/li><li>\u00dcben von Multiple-Choice-Fragen und Fachgespr\u00e4chen.<\/li><\/ul>\t\t\t\t\t\t\t\t<\/div>\n\t\t\t\t<\/div>\n\t\t\t\t<\/div>\n\t\t\t\t<\/div>\n\t\t\t\t\t<\/div>\n\t\t\t\t<\/div>\n\t\t<div class=\"elementor-element elementor-element-0358dfa e-flex e-con-boxed e-con e-parent\" data-id=\"0358dfa\" data-element_type=\"container\" data-e-type=\"container\" data-settings=\"{&quot;background_background&quot;:&quot;classic&quot;}\">\n\t\t\t\t\t<div class=\"e-con-inner\">\n\t\t<div class=\"elementor-element elementor-element-8e00ba5 e-con-full e-flex e-con e-child\" data-id=\"8e00ba5\" data-element_type=\"container\" data-e-type=\"container\" data-settings=\"{&quot;sticky&quot;:&quot;top&quot;,&quot;sticky_on&quot;:[&quot;desktop&quot;],&quot;sticky_offset&quot;:100,&quot;sticky_parent&quot;:&quot;yes&quot;,&quot;sticky_effects_offset&quot;:0,&quot;sticky_anchor_link_offset&quot;:0}\">\n\t\t\t\t<div class=\"elementor-element elementor-element-ccb29c8 elementor-widget elementor-widget-heading\" data-id=\"ccb29c8\" data-element_type=\"widget\" data-e-type=\"widget\" data-widget_type=\"heading.default\">\n\t\t\t\t<div class=\"elementor-widget-container\">\n\t\t\t\t\t<h2 class=\"elementor-heading-title elementor-size-default\">Buchen Sie jetzt ein unverbindliches Gespr\u00e4ch!<\/h2>\t\t\t\t<\/div>\n\t\t\t\t<\/div>\n\t\t\t\t<div class=\"elementor-element elementor-element-fc15b17 elementor-widget__width-initial elementor-widget elementor-widget-text-editor\" data-id=\"fc15b17\" data-element_type=\"widget\" data-e-type=\"widget\" data-widget_type=\"text-editor.default\">\n\t\t\t\t<div class=\"elementor-widget-container\">\n\t\t\t\t\t\t\t\t\t<p>Haben Sie noch offene Fragen oder wollen mehr \u00fcber Kosten und Finanzierung erfahren ? Buchen Sie hier einfach ein kostenloses und unverbindliches Gespr\u00e4ch! Wir helfen Ihnen gern weiter!<\/p>\t\t\t\t\t\t\t\t<\/div>\n\t\t\t\t<\/div>\n\t\t\t\t<div class=\"elementor-element elementor-element-d424f6c elementor-widget__width-initial elementor-widget elementor-widget-text-editor\" data-id=\"d424f6c\" data-element_type=\"widget\" data-e-type=\"widget\" data-widget_type=\"text-editor.default\">\n\t\t\t\t<div class=\"elementor-widget-container\">\n\t\t\t\t\t\t\t\t\tWenn wir Ihr Interesse geweckt haben, sprechen Sie bitte mitIhrem Arbeitsvermittler bei der Arbeitsagentur oder dem zust\u00e4ndigen Jobcenter, ob auch Sie Anspruch auf ein Aktivierungs- und Vermittlungsgutschein haben.\t\t\t\t\t\t\t\t<\/div>\n\t\t\t\t<\/div>\n\t\t\t\t<\/div>\n\t\t\t\t<div class=\"elementor-element elementor-element-3479ee0 elementor-widget__width-initial elementor-widget elementor-widget-html\" data-id=\"3479ee0\" data-element_type=\"widget\" data-e-type=\"widget\" data-widget_type=\"html.default\">\n\t\t\t\t<div class=\"elementor-widget-container\">\n\t\t\t\t\t<!-- Calendly inline widget begin -->\r\n<div class=\"calendly-inline-widget\" data-url=\"https:\/\/calendly.com\/ancorajobcoaching\/30min\" style=\"min-width:320px;height:900px;\"><\/div>\r\n<script type=\"text\/javascript\" src=\"https:\/\/assets.calendly.com\/assets\/external\/widget.js\" async><\/script>\r\n<!-- Calendly inline widget end -->\t\t\t\t<\/div>\n\t\t\t\t<\/div>\n\t\t\t\t\t<\/div>\n\t\t\t\t<\/div>\n\t\t\t\t<\/div>\n\t\t","protected":false},"excerpt":{"rendered":"<p>Vorbereitung auf die Sachkundepr\u00fcfung nach \u00a7 34a GewO (Security) Die 34a Coaching richtet sich an Personen, die die Sachkundepr\u00fcfung nach \u00a7 34a der Gewerbeordnung (GewO) ablegen m\u00fcssen. Diese Pr\u00fcfung ist Voraussetzung, um im Bereich des Bewachungsgewerbes t\u00e4tig zu sein, insbesondere in T\u00e4tigkeiten wie T\u00fcrsteher, Objekt- und Personenschutz oder Sicherheitsdienstleistungen. Wer profitiert von der Vorbereitung auf [&hellip;]<\/p>\n","protected":false},"author":1,"featured_media":0,"parent":38,"menu_order":5,"comment_status":"closed","ping_status":"closed","template":"elementor_header_footer","meta":{"footnotes":""},"class_list":["post-160","page","type-page","status-publish","hentry"],"_links":{"self":[{"href":"https:\/\/ancora-coaching.de\/ru\/wp-json\/wp\/v2\/pages\/160","targetHints":{"allow":["GET"]}}],"collection":[{"href":"https:\/\/ancora-coaching.de\/ru\/wp-json\/wp\/v2\/pages"}],"about":[{"href":"https:\/\/ancora-coaching.de\/ru\/wp-json\/wp\/v2\/types\/page"}],"author":[{"embeddable":true,"href":"https:\/\/ancora-coaching.de\/ru\/wp-json\/wp\/v2\/users\/1"}],"replies":[{"embeddable":true,"href":"https:\/\/ancora-coaching.de\/ru\/wp-json\/wp\/v2\/comments?post=160"}],"version-history":[{"count":112,"href":"https:\/\/ancora-coaching.de\/ru\/wp-json\/wp\/v2\/pages\/160\/revisions"}],"predecessor-version":[{"id":1815,"href":"https:\/\/ancora-coaching.de\/ru\/wp-json\/wp\/v2\/pages\/160\/revisions\/1815"}],"up":[{"embeddable":true,"href":"https:\/\/ancora-coaching.de\/ru\/wp-json\/wp\/v2\/pages\/38"}],"wp:attachment":[{"href":"https:\/\/ancora-coaching.de\/ru\/wp-json\/wp\/v2\/media?parent=160"}],"curies":[{"name":"WP","href":"https:\/\/api.w.org\/{rel}","templated":true}]}}