{"id":76,"date":"2024-12-29T17:06:28","date_gmt":"2024-12-29T17:06:28","guid":{"rendered":"https:\/\/ancora-coaching.de\/?page_id=76"},"modified":"2025-02-10T15:15:21","modified_gmt":"2025-02-10T15:15:21","slug":"jobcoaching","status":"publish","type":"page","link":"https:\/\/ancora-coaching.de\/ru\/startseite\/jobcoaching\/","title":{"rendered":"\u041a\u043e\u0443\u0447\u0438\u043d\u0433 \u043f\u043e \u0432\u043e\u043f\u0440\u043e\u0441\u0430\u043c \u0442\u0440\u0443\u0434\u043e\u0443\u0441\u0442\u0440\u043e\u0439\u0441\u0442\u0432\u0430"},"content":{"rendered":"\t\t<div data-elementor-type=\"wp-page\" data-elementor-id=\"76\" class=\"elementor elementor-76\" data-elementor-post-type=\"page\">\n\t\t\t\t<div class=\"elementor-element elementor-element-42e810d e-flex e-con-boxed e-con e-child\" data-id=\"42e810d\" data-element_type=\"container\" data-e-type=\"container\" data-settings=\"{&quot;background_background&quot;:&quot;classic&quot;}\">\n\t\t\t\t\t<div class=\"e-con-inner\">\n\t\t<div class=\"elementor-element elementor-element-df48bc7 e-con-full e-flex e-con e-child\" data-id=\"df48bc7\" data-element_type=\"container\" data-e-type=\"container\">\n\t\t\t\t<div class=\"elementor-element elementor-element-07de153 elementor-widget-divider--view-line elementor-widget elementor-widget-divider\" data-id=\"07de153\" data-element_type=\"widget\" data-e-type=\"widget\" data-widget_type=\"divider.default\">\n\t\t\t\t<div class=\"elementor-widget-container\">\n\t\t\t\t\t\t\t<div class=\"elementor-divider\">\n\t\t\t<span class=\"elementor-divider-separator\">\n\t\t\t\t\t\t<\/span>\n\t\t<\/div>\n\t\t\t\t\t\t<\/div>\n\t\t\t\t<\/div>\n\t\t\t\t<div class=\"elementor-element elementor-element-072421b elementor-widget__width-inherit elementor-widget elementor-widget-heading\" data-id=\"072421b\" data-element_type=\"widget\" data-e-type=\"widget\" data-widget_type=\"heading.default\">\n\t\t\t\t<div class=\"elementor-widget-container\">\n\t\t\t\t\t<h2 class=\"elementor-heading-title elementor-size-default\">Jobcoaching<\/h2>\t\t\t\t<\/div>\n\t\t\t\t<\/div>\n\t\t\t\t<div class=\"elementor-element elementor-element-69a31ed elementor-widget__width-initial elementor-widget elementor-widget-text-editor\" data-id=\"69a31ed\" data-element_type=\"widget\" data-e-type=\"widget\" data-widget_type=\"text-editor.default\">\n\t\t\t\t<div class=\"elementor-widget-container\">\n\t\t\t\t\t\t\t\t\tJobcoaching ist eine individuelle Begleitung und Unterst\u00fctzung, um Menschen dabei zu helfen, berufliche Ziele zu erreichen, Herausforderungen im Arbeitsleben zu meistern und sich auf dem Arbeitsmarkt besser zurechtzufinden. Es richtet sich an Personen, die beruflich weiterkommen, eine neue Stelle finden oder sich in ihrem aktuellen Job verbessern m\u00f6chten.\t\t\t\t\t\t\t\t<\/div>\n\t\t\t\t<\/div>\n\t\t\t\t<\/div>\n\t\t\t\t\t<\/div>\n\t\t\t\t<\/div>\n\t\t<div class=\"elementor-element elementor-element-68a33fbc e-flex e-con-boxed e-con e-parent\" data-id=\"68a33fbc\" data-element_type=\"container\" data-e-type=\"container\">\n\t\t\t\t\t<div class=\"e-con-inner\">\n\t\t\t\t<div class=\"elementor-element elementor-element-2d1d1be5 elementor-widget elementor-widget-heading\" data-id=\"2d1d1be5\" data-element_type=\"widget\" data-e-type=\"widget\" data-widget_type=\"heading.default\">\n\t\t\t\t<div class=\"elementor-widget-container\">\n\t\t\t\t\t<h3 class=\"elementor-heading-title elementor-size-default\">Wer profitiert von Jobcoaching?\n\n<\/h3>\t\t\t\t<\/div>\n\t\t\t\t<\/div>\n\t\t\t\t<div class=\"elementor-element elementor-element-3d11f656 elementor-widget__width-initial elementor-widget elementor-widget-text-editor\" data-id=\"3d11f656\" data-element_type=\"widget\" data-e-type=\"widget\" data-widget_type=\"text-editor.default\">\n\t\t\t\t<div class=\"elementor-widget-container\">\n\t\t\t\t\t\t\t\t\t<ul>\n \t<li><strong>Arbeitsuchende:<\/strong><br> Personen, die nach einer neuen beruflichen Perspektive suchen.<\/li>\n \t<li><strong>Berufseinsteiger:<\/strong><br> Junge Menschen, die ihren ersten Job anstreben.<\/li>\n \t<li><strong>Menschen mit Behinderungen oder Einschr\u00e4nkungen:<\/strong> <br>Unterst\u00fctzung bei der Integration in den Arbeitsmarkt.<\/li>\n \t<li><strong>Berufserfahrene:<\/strong><br> Personen, die sich beruflich ver\u00e4ndern oder weiterentwickeln wollen<\/li>\n<\/ul>\t\t\t\t\t\t\t\t<\/div>\n\t\t\t\t<\/div>\n\t\t\t\t\t<\/div>\n\t\t\t\t<\/div>\n\t\t<div class=\"elementor-element elementor-element-90c8e8e e-flex e-con-boxed e-con e-child\" data-id=\"90c8e8e\" data-element_type=\"container\" data-e-type=\"container\" data-settings=\"{&quot;background_background&quot;:&quot;classic&quot;}\">\n\t\t\t\t\t<div class=\"e-con-inner\">\n\t\t<div class=\"elementor-element elementor-element-539516b e-con-full e-flex e-con e-child\" data-id=\"539516b\" data-element_type=\"container\" data-e-type=\"container\">\n\t\t\t\t<div class=\"elementor-element elementor-element-ed2cd45 elementor-widget-tablet__width-initial elementor-widget elementor-widget-heading\" data-id=\"ed2cd45\" data-element_type=\"widget\" data-e-type=\"widget\" data-widget_type=\"heading.default\">\n\t\t\t\t<div class=\"elementor-widget-container\">\n\t\t\t\t\t<h3 class=\"elementor-heading-title elementor-size-default\">Ziele des Jobcoachings<\/h3>\t\t\t\t<\/div>\n\t\t\t\t<\/div>\n\t\t\t\t<\/div>\n\t\t<div class=\"elementor-element elementor-element-f722b89 e-con-full e-flex e-con e-child\" data-id=\"f722b89\" data-element_type=\"container\" data-e-type=\"container\">\n\t\t<div class=\"elementor-element elementor-element-9c26a50 e-con-full e-flex e-con e-child\" data-id=\"9c26a50\" data-element_type=\"container\" data-e-type=\"container\">\n\t\t\t\t<div class=\"elementor-element elementor-element-9d58d3e elementor-widget__width-initial elementor-widget elementor-widget-heading\" data-id=\"9d58d3e\" data-element_type=\"widget\" data-e-type=\"widget\" data-widget_type=\"heading.default\">\n\t\t\t\t<div class=\"elementor-widget-container\">\n\t\t\t\t\t<h4 class=\"elementor-heading-title elementor-size-default\">Berufliche Orientierung<\/h4>\t\t\t\t<\/div>\n\t\t\t\t<\/div>\n\t\t\t\t<div class=\"elementor-element elementor-element-8486cd0 elementor-widget__width-inherit elementor-widget elementor-widget-text-editor\" data-id=\"8486cd0\" data-element_type=\"widget\" data-e-type=\"widget\" data-widget_type=\"text-editor.default\">\n\t\t\t\t<div class=\"elementor-widget-container\">\n\t\t\t\t\t\t\t\t\t<p>Unterst\u00fctzung bei der Suche nach einer passenden T\u00e4tigkeit.<\/p>\t\t\t\t\t\t\t\t<\/div>\n\t\t\t\t<\/div>\n\t\t\t\t<\/div>\n\t\t<div class=\"elementor-element elementor-element-a30e017 e-con-full e-flex e-con e-child\" data-id=\"a30e017\" data-element_type=\"container\" data-e-type=\"container\">\n\t\t\t\t<div class=\"elementor-element elementor-element-b1d5532 elementor-widget__width-initial elementor-widget elementor-widget-heading\" data-id=\"b1d5532\" data-element_type=\"widget\" data-e-type=\"widget\" data-widget_type=\"heading.default\">\n\t\t\t\t<div class=\"elementor-widget-container\">\n\t\t\t\t\t<h4 class=\"elementor-heading-title elementor-size-default\">Kompetenzentwicklung<\/h4>\t\t\t\t<\/div>\n\t\t\t\t<\/div>\n\t\t\t\t<div class=\"elementor-element elementor-element-454ee8a elementor-widget__width-inherit elementor-widget elementor-widget-text-editor\" data-id=\"454ee8a\" data-element_type=\"widget\" data-e-type=\"widget\" data-widget_type=\"text-editor.default\">\n\t\t\t\t<div class=\"elementor-widget-container\">\n\t\t\t\t\t\t\t\t\tF\u00f6rderung von Fach- und Schl\u00fcsselkompetenzen (z. B. Kommunikation, Zeitmanagement).\t\t\t\t\t\t\t\t<\/div>\n\t\t\t\t<\/div>\n\t\t\t\t<\/div>\n\t\t<div class=\"elementor-element elementor-element-f14ad40 e-con-full e-flex e-con e-child\" data-id=\"f14ad40\" data-element_type=\"container\" data-e-type=\"container\">\n\t\t\t\t<div class=\"elementor-element elementor-element-d5687cc elementor-widget__width-initial elementor-widget elementor-widget-heading\" data-id=\"d5687cc\" data-element_type=\"widget\" data-e-type=\"widget\" data-widget_type=\"heading.default\">\n\t\t\t\t<div class=\"elementor-widget-container\">\n\t\t\t\t\t<h4 class=\"elementor-heading-title elementor-size-default\">Bewerbungsmanagement<\/h4>\t\t\t\t<\/div>\n\t\t\t\t<\/div>\n\t\t\t\t<div class=\"elementor-element elementor-element-f74781a elementor-widget__width-inherit elementor-widget elementor-widget-text-editor\" data-id=\"f74781a\" data-element_type=\"widget\" data-e-type=\"widget\" data-widget_type=\"text-editor.default\">\n\t\t\t\t<div class=\"elementor-widget-container\">\n\t\t\t\t\t\t\t\t\tHilfe bei der Erstellung von Lebensl\u00e4ufen, Anschreiben und Vorbereitung auf Vorstellungsgespr\u00e4che.\t\t\t\t\t\t\t\t<\/div>\n\t\t\t\t<\/div>\n\t\t\t\t<\/div>\n\t\t<div class=\"elementor-element elementor-element-502aeee e-con-full e-flex e-con e-child\" data-id=\"502aeee\" data-element_type=\"container\" data-e-type=\"container\">\n\t\t\t\t<div class=\"elementor-element elementor-element-c354a0c elementor-widget__width-initial elementor-widget elementor-widget-heading\" data-id=\"c354a0c\" data-element_type=\"widget\" data-e-type=\"widget\" data-widget_type=\"heading.default\">\n\t\t\t\t<div class=\"elementor-widget-container\">\n\t\t\t\t\t<h4 class=\"elementor-heading-title elementor-size-default\">Arbeitsplatzintegration<\/h4>\t\t\t\t<\/div>\n\t\t\t\t<\/div>\n\t\t\t\t<div class=\"elementor-element elementor-element-7ada65d elementor-widget__width-inherit elementor-widget elementor-widget-text-editor\" data-id=\"7ada65d\" data-element_type=\"widget\" data-e-type=\"widget\" data-widget_type=\"text-editor.default\">\n\t\t\t\t<div class=\"elementor-widget-container\">\n\t\t\t\t\t\t\t\t\tUnterst\u00fctzung bei der Einarbeitung oder bei Schwierigkeiten im Job.\t\t\t\t\t\t\t\t<\/div>\n\t\t\t\t<\/div>\n\t\t\t\t<\/div>\n\t\t<div class=\"elementor-element elementor-element-718a1b9 e-con-full e-flex e-con e-child\" data-id=\"718a1b9\" data-element_type=\"container\" data-e-type=\"container\">\n\t\t\t\t<div class=\"elementor-element elementor-element-bb1fe56 elementor-widget__width-initial elementor-widget elementor-widget-heading\" data-id=\"bb1fe56\" data-element_type=\"widget\" data-e-type=\"widget\" data-widget_type=\"heading.default\">\n\t\t\t\t<div class=\"elementor-widget-container\">\n\t\t\t\t\t<h4 class=\"elementor-heading-title elementor-size-default\">Selbstvertrauen st\u00e4rken<\/h4>\t\t\t\t<\/div>\n\t\t\t\t<\/div>\n\t\t\t\t<div class=\"elementor-element elementor-element-a7f79ed elementor-widget__width-inherit elementor-widget elementor-widget-text-editor\" data-id=\"a7f79ed\" data-element_type=\"widget\" data-e-type=\"widget\" data-widget_type=\"text-editor.default\">\n\t\t\t\t<div class=\"elementor-widget-container\">\n\t\t\t\t\t\t\t\t\tF\u00f6rderung von Eigenmotivation und Durchhalteverm\u00f6gen.\t\t\t\t\t\t\t\t<\/div>\n\t\t\t\t<\/div>\n\t\t\t\t<\/div>\n\t\t<div class=\"elementor-element elementor-element-1de2a40 e-con-full elementor-hidden-mobile e-flex e-con e-child\" data-id=\"1de2a40\" data-element_type=\"container\" data-e-type=\"container\">\n\t\t\t\t<\/div>\n\t\t\t\t<\/div>\n\t\t\t\t\t<\/div>\n\t\t\t\t<\/div>\n\t\t<div class=\"elementor-element elementor-element-61a2f04d e-flex e-con-boxed e-con e-parent\" data-id=\"61a2f04d\" data-element_type=\"container\" data-e-type=\"container\">\n\t\t\t\t\t<div class=\"e-con-inner\">\n\t\t\t\t<div class=\"elementor-element elementor-element-3acd6011 elementor-widget__width-inherit elementor-widget elementor-widget-heading\" data-id=\"3acd6011\" data-element_type=\"widget\" data-e-type=\"widget\" data-widget_type=\"heading.default\">\n\t\t\t\t<div class=\"elementor-widget-container\">\n\t\t\t\t\t<h3 class=\"elementor-heading-title elementor-size-default\">Wie l\u00e4uft das Jobcoaching ab?<\/h3>\t\t\t\t<\/div>\n\t\t\t\t<\/div>\n\t\t<div class=\"elementor-element elementor-element-7ae719e4 e-con-full e-flex e-con e-child\" data-id=\"7ae719e4\" data-element_type=\"container\" data-e-type=\"container\" data-settings=\"{&quot;background_background&quot;:&quot;classic&quot;}\">\n\t\t\t\t<div class=\"elementor-element elementor-element-62110a78 elementor-widget__width-initial elementor-widget elementor-widget-image\" data-id=\"62110a78\" data-element_type=\"widget\" data-e-type=\"widget\" data-widget_type=\"image.default\">\n\t\t\t\t<div class=\"elementor-widget-container\">\n\t\t\t\t\t\t\t\t\t\t\t\t\t\t\t<img decoding=\"async\" width=\"30\" height=\"30\" src=\"https:\/\/ancora-coaching.de\/wp-content\/uploads\/2024\/12\/number-1-e1631096925907.png\" class=\"attachment-large size-large wp-image-32\" alt=\"\" \/>\t\t\t\t\t\t\t\t\t\t\t\t\t\t\t<\/div>\n\t\t\t\t<\/div>\n\t\t<div class=\"elementor-element elementor-element-60831e7b e-con-full e-flex e-con e-child\" data-id=\"60831e7b\" data-element_type=\"container\" data-e-type=\"container\">\n\t\t\t\t<div class=\"elementor-element elementor-element-6760bad1 elementor-widget elementor-widget-heading\" data-id=\"6760bad1\" data-element_type=\"widget\" data-e-type=\"widget\" data-widget_type=\"heading.default\">\n\t\t\t\t<div class=\"elementor-widget-container\">\n\t\t\t\t\t<h4 class=\"elementor-heading-title elementor-size-default\">Analyse der aktuellen Situation<\/h4>\t\t\t\t<\/div>\n\t\t\t\t<\/div>\n\t\t\t\t<div class=\"elementor-element elementor-element-50c47cad elementor-widget__width-initial elementor-widget elementor-widget-text-editor\" data-id=\"50c47cad\" data-element_type=\"widget\" data-e-type=\"widget\" data-widget_type=\"text-editor.default\">\n\t\t\t\t<div class=\"elementor-widget-container\">\n\t\t\t\t\t\t\t\t\t<p>St\u00e4rken, Schw\u00e4chen und Ziele werden besprochen.<\/p>\t\t\t\t\t\t\t\t<\/div>\n\t\t\t\t<\/div>\n\t\t\t\t<\/div>\n\t\t\t\t<\/div>\n\t\t<div class=\"elementor-element elementor-element-49ee6c39 e-con-full e-flex e-con e-child\" data-id=\"49ee6c39\" data-element_type=\"container\" data-e-type=\"container\" data-settings=\"{&quot;background_background&quot;:&quot;classic&quot;}\">\n\t\t\t\t<div class=\"elementor-element elementor-element-2b28a2a9 elementor-widget__width-initial elementor-widget elementor-widget-image\" data-id=\"2b28a2a9\" data-element_type=\"widget\" data-e-type=\"widget\" data-widget_type=\"image.default\">\n\t\t\t\t<div class=\"elementor-widget-container\">\n\t\t\t\t\t\t\t\t\t\t\t\t\t\t\t<img decoding=\"async\" width=\"30\" height=\"30\" src=\"https:\/\/ancora-coaching.de\/wp-content\/uploads\/2024\/12\/number-2-e1631097007496.png\" class=\"attachment-large size-large wp-image-33\" alt=\"\" \/>\t\t\t\t\t\t\t\t\t\t\t\t\t\t\t<\/div>\n\t\t\t\t<\/div>\n\t\t<div class=\"elementor-element elementor-element-53caeaaa e-con-full e-flex e-con e-child\" data-id=\"53caeaaa\" data-element_type=\"container\" data-e-type=\"container\">\n\t\t\t\t<div class=\"elementor-element elementor-element-362a913a elementor-widget elementor-widget-heading\" data-id=\"362a913a\" data-element_type=\"widget\" data-e-type=\"widget\" data-widget_type=\"heading.default\">\n\t\t\t\t<div class=\"elementor-widget-container\">\n\t\t\t\t\t<h4 class=\"elementor-heading-title elementor-size-default\">Individuelle Strategien entwickeln<\/h4>\t\t\t\t<\/div>\n\t\t\t\t<\/div>\n\t\t\t\t<div class=\"elementor-element elementor-element-71966aca elementor-widget__width-initial elementor-widget elementor-widget-text-editor\" data-id=\"71966aca\" data-element_type=\"widget\" data-e-type=\"widget\" data-widget_type=\"text-editor.default\">\n\t\t\t\t<div class=\"elementor-widget-container\">\n\t\t\t\t\t\t\t\t\tMa\u00dfnahmen und Ziele werden festgelegt.\t\t\t\t\t\t\t\t<\/div>\n\t\t\t\t<\/div>\n\t\t\t\t<\/div>\n\t\t\t\t<\/div>\n\t\t<div class=\"elementor-element elementor-element-28f26a06 e-con-full e-flex e-con e-child\" data-id=\"28f26a06\" data-element_type=\"container\" data-e-type=\"container\" data-settings=\"{&quot;background_background&quot;:&quot;classic&quot;}\">\n\t\t\t\t<div class=\"elementor-element elementor-element-1901f476 elementor-widget__width-initial elementor-widget elementor-widget-image\" data-id=\"1901f476\" data-element_type=\"widget\" data-e-type=\"widget\" data-widget_type=\"image.default\">\n\t\t\t\t<div class=\"elementor-widget-container\">\n\t\t\t\t\t\t\t\t\t\t\t\t\t\t\t<img decoding=\"async\" width=\"30\" height=\"30\" src=\"https:\/\/ancora-coaching.de\/wp-content\/uploads\/2024\/12\/number-3-e1631097026589.png\" class=\"attachment-large size-large wp-image-34\" alt=\"\" \/>\t\t\t\t\t\t\t\t\t\t\t\t\t\t\t<\/div>\n\t\t\t\t<\/div>\n\t\t<div class=\"elementor-element elementor-element-671a0d5f e-con-full e-flex e-con e-child\" data-id=\"671a0d5f\" data-element_type=\"container\" data-e-type=\"container\">\n\t\t\t\t<div class=\"elementor-element elementor-element-2324dba4 elementor-widget elementor-widget-heading\" data-id=\"2324dba4\" data-element_type=\"widget\" data-e-type=\"widget\" data-widget_type=\"heading.default\">\n\t\t\t\t<div class=\"elementor-widget-container\">\n\t\t\t\t\t<h4 class=\"elementor-heading-title elementor-size-default\">Regelm\u00e4\u00dfige Begleitung<\/h4>\t\t\t\t<\/div>\n\t\t\t\t<\/div>\n\t\t\t\t<div class=\"elementor-element elementor-element-fd56eb0 elementor-widget__width-initial elementor-widget elementor-widget-text-editor\" data-id=\"fd56eb0\" data-element_type=\"widget\" data-e-type=\"widget\" data-widget_type=\"text-editor.default\">\n\t\t\t\t<div class=\"elementor-widget-container\">\n\t\t\t\t\t\t\t\t\tDer Coach bietet kontinuierliches Feedback und Unterst\u00fctzung.\t\t\t\t\t\t\t\t<\/div>\n\t\t\t\t<\/div>\n\t\t\t\t<\/div>\n\t\t\t\t<\/div>\n\t\t<div class=\"elementor-element elementor-element-1c1420f9 e-con-full e-flex e-con e-child\" data-id=\"1c1420f9\" data-element_type=\"container\" data-e-type=\"container\" data-settings=\"{&quot;background_background&quot;:&quot;classic&quot;}\">\n\t\t\t\t<div class=\"elementor-element elementor-element-1c6c9628 elementor-widget__width-initial elementor-widget elementor-widget-image\" data-id=\"1c6c9628\" data-element_type=\"widget\" data-e-type=\"widget\" data-widget_type=\"image.default\">\n\t\t\t\t<div class=\"elementor-widget-container\">\n\t\t\t\t\t\t\t\t\t\t\t\t\t\t\t<img loading=\"lazy\" decoding=\"async\" width=\"30\" height=\"30\" src=\"https:\/\/ancora-coaching.de\/wp-content\/uploads\/2024\/12\/number-4-e1631097079788.png\" class=\"attachment-large size-large wp-image-35\" alt=\"\" \/>\t\t\t\t\t\t\t\t\t\t\t\t\t\t\t<\/div>\n\t\t\t\t<\/div>\n\t\t<div class=\"elementor-element elementor-element-b4dfc77 e-con-full e-flex e-con e-child\" data-id=\"b4dfc77\" data-element_type=\"container\" data-e-type=\"container\">\n\t\t\t\t<div class=\"elementor-element elementor-element-716230cb elementor-widget elementor-widget-heading\" data-id=\"716230cb\" data-element_type=\"widget\" data-e-type=\"widget\" data-widget_type=\"heading.default\">\n\t\t\t\t<div class=\"elementor-widget-container\">\n\t\t\t\t\t<h4 class=\"elementor-heading-title elementor-size-default\">Erfolgskontrolle<\/h4>\t\t\t\t<\/div>\n\t\t\t\t<\/div>\n\t\t\t\t<div class=\"elementor-element elementor-element-9dfbf05 elementor-widget__width-initial elementor-widget elementor-widget-text-editor\" data-id=\"9dfbf05\" data-element_type=\"widget\" data-e-type=\"widget\" data-widget_type=\"text-editor.default\">\n\t\t\t\t<div class=\"elementor-widget-container\">\n\t\t\t\t\t\t\t\t\t<p>Fortschritte werden \u00fcberpr\u00fcft und angepasst.<\/p>\t\t\t\t\t\t\t\t<\/div>\n\t\t\t\t<\/div>\n\t\t\t\t<\/div>\n\t\t\t\t<\/div>\n\t\t\t\t\t<\/div>\n\t\t\t\t<\/div>\n\t\t<div class=\"elementor-element elementor-element-d319813 e-flex e-con-boxed e-con e-parent\" data-id=\"d319813\" data-element_type=\"container\" data-e-type=\"container\">\n\t\t\t\t\t<div class=\"e-con-inner\">\n\t\t\t\t<div class=\"elementor-element elementor-element-c41a35e elementor-widget__width-initial elementor-widget elementor-widget-text-editor\" data-id=\"c41a35e\" data-element_type=\"widget\" data-e-type=\"widget\" data-widget_type=\"text-editor.default\">\n\t\t\t\t<div class=\"elementor-widget-container\">\n\t\t\t\t\t\t\t\t\tUnter Umst\u00e4nden wird das Jobcoaching durch staatliche F\u00f6rdermittel unterst\u00fctzt, Bundesagentur f\u00fcr Arbeit und das Jobcenter F\u00f6rderung nach \u00a745 Abs. 1 Satz 1 SGB III Nr. 1-5 (AVGS MAT=Aktivierungs- und Vermittlungsgutschein).\t\t\t\t\t\t\t\t<\/div>\n\t\t\t\t<\/div>\n\t\t\t\t\t<\/div>\n\t\t\t\t<\/div>\n\t\t<div class=\"elementor-element elementor-element-e8390a1 e-flex e-con-boxed e-con e-parent\" data-id=\"e8390a1\" data-element_type=\"container\" data-e-type=\"container\" data-settings=\"{&quot;background_background&quot;:&quot;classic&quot;}\">\n\t\t\t\t\t<div class=\"e-con-inner\">\n\t\t<div class=\"elementor-element elementor-element-bdc155e e-con-full e-flex e-con e-child\" data-id=\"bdc155e\" data-element_type=\"container\" data-e-type=\"container\" data-settings=\"{&quot;sticky&quot;:&quot;top&quot;,&quot;sticky_on&quot;:[&quot;desktop&quot;],&quot;sticky_offset&quot;:100,&quot;sticky_parent&quot;:&quot;yes&quot;,&quot;sticky_effects_offset&quot;:0,&quot;sticky_anchor_link_offset&quot;:0}\">\n\t\t\t\t<div class=\"elementor-element elementor-element-079317a elementor-widget elementor-widget-heading\" data-id=\"079317a\" data-element_type=\"widget\" data-e-type=\"widget\" data-widget_type=\"heading.default\">\n\t\t\t\t<div class=\"elementor-widget-container\">\n\t\t\t\t\t<h2 class=\"elementor-heading-title elementor-size-default\">Buchen Sie jetzt ein unverbindliches Gespr\u00e4ch!<\/h2>\t\t\t\t<\/div>\n\t\t\t\t<\/div>\n\t\t\t\t<div class=\"elementor-element elementor-element-aac1042 elementor-widget__width-initial elementor-widget elementor-widget-text-editor\" data-id=\"aac1042\" data-element_type=\"widget\" data-e-type=\"widget\" data-widget_type=\"text-editor.default\">\n\t\t\t\t<div class=\"elementor-widget-container\">\n\t\t\t\t\t\t\t\t\t<p>Haben Sie noch offene Fragen oder wollen mehr \u00fcber Kosten und Finanzierung erfahren ? Buchen Sie hier einfach ein kostenloses und unverbindliches Gespr\u00e4ch! Wir helfen Ihnen gern weiter!<\/p>\t\t\t\t\t\t\t\t<\/div>\n\t\t\t\t<\/div>\n\t\t\t\t<div class=\"elementor-element elementor-element-1ff4996 elementor-widget__width-initial elementor-widget elementor-widget-text-editor\" data-id=\"1ff4996\" data-element_type=\"widget\" data-e-type=\"widget\" data-widget_type=\"text-editor.default\">\n\t\t\t\t<div class=\"elementor-widget-container\">\n\t\t\t\t\t\t\t\t\t<p>Wenn wir Ihr Interesse geweckt haben, sprechen Sie bitte mitIhrem Arbeitsvermittler bei der Arbeitsagentur oder dem zust\u00e4ndigen Jobcenter, ob auch Sie Anspruch auf ein Aktivierungs- und Vermittlungsgutschein haben.<\/p>\t\t\t\t\t\t\t\t<\/div>\n\t\t\t\t<\/div>\n\t\t\t\t<\/div>\n\t\t\t\t<div class=\"elementor-element elementor-element-da7213d elementor-widget__width-initial elementor-widget elementor-widget-html\" data-id=\"da7213d\" data-element_type=\"widget\" data-e-type=\"widget\" data-widget_type=\"html.default\">\n\t\t\t\t<div class=\"elementor-widget-container\">\n\t\t\t\t\t<!-- Calendly inline widget begin -->\r\n<div class=\"calendly-inline-widget\" data-url=\"https:\/\/calendly.com\/ancorajobcoaching\/30min\" style=\"min-width:320px;height:900px;\"><\/div>\r\n<script type=\"text\/javascript\" src=\"https:\/\/assets.calendly.com\/assets\/external\/widget.js\" async><\/script>\r\n<!-- Calendly inline widget end -->\t\t\t\t<\/div>\n\t\t\t\t<\/div>\n\t\t\t\t\t<\/div>\n\t\t\t\t<\/div>\n\t\t\t\t<\/div>\n\t\t","protected":false},"excerpt":{"rendered":"<p>Jobcoaching Jobcoaching ist eine individuelle Begleitung und Unterst\u00fctzung, um Menschen dabei zu helfen, berufliche Ziele zu erreichen, Herausforderungen im Arbeitsleben zu meistern und sich auf dem Arbeitsmarkt besser zurechtzufinden. Es richtet sich an Personen, die beruflich weiterkommen, eine neue Stelle finden oder sich in ihrem aktuellen Job verbessern m\u00f6chten. Wer profitiert von Jobcoaching? Arbeitsuchende: Personen, [&hellip;]<\/p>\n","protected":false},"author":1,"featured_media":0,"parent":38,"menu_order":1,"comment_status":"closed","ping_status":"closed","template":"elementor_header_footer","meta":{"footnotes":""},"class_list":["post-76","page","type-page","status-publish","hentry"],"_links":{"self":[{"href":"https:\/\/ancora-coaching.de\/ru\/wp-json\/wp\/v2\/pages\/76","targetHints":{"allow":["GET"]}}],"collection":[{"href":"https:\/\/ancora-coaching.de\/ru\/wp-json\/wp\/v2\/pages"}],"about":[{"href":"https:\/\/ancora-coaching.de\/ru\/wp-json\/wp\/v2\/types\/page"}],"author":[{"embeddable":true,"href":"https:\/\/ancora-coaching.de\/ru\/wp-json\/wp\/v2\/users\/1"}],"replies":[{"embeddable":true,"href":"https:\/\/ancora-coaching.de\/ru\/wp-json\/wp\/v2\/comments?post=76"}],"version-history":[{"count":274,"href":"https:\/\/ancora-coaching.de\/ru\/wp-json\/wp\/v2\/pages\/76\/revisions"}],"predecessor-version":[{"id":1800,"href":"https:\/\/ancora-coaching.de\/ru\/wp-json\/wp\/v2\/pages\/76\/revisions\/1800"}],"up":[{"embeddable":true,"href":"https:\/\/ancora-coaching.de\/ru\/wp-json\/wp\/v2\/pages\/38"}],"wp:attachment":[{"href":"https:\/\/ancora-coaching.de\/ru\/wp-json\/wp\/v2\/media?parent=76"}],"curies":[{"name":"WP","href":"https:\/\/api.w.org\/{rel}","templated":true}]}}