{"id":83,"date":"2024-12-30T02:32:47","date_gmt":"2024-12-30T02:32:47","guid":{"rendered":"https:\/\/ancora-coaching.de\/?page_id=83"},"modified":"2025-02-10T15:16:32","modified_gmt":"2025-02-10T15:16:32","slug":"sozialcoaching","status":"publish","type":"page","link":"https:\/\/ancora-coaching.de\/ru\/startseite\/sozialcoaching\/","title":{"rendered":"\u0421\u043e\u0446\u0438\u0430\u043b\u044c\u043d\u044b\u0439 \u043a\u043e\u0443\u0447\u0438\u043d\u0433"},"content":{"rendered":"\t\t<div data-elementor-type=\"wp-page\" data-elementor-id=\"83\" class=\"elementor elementor-83\" data-elementor-post-type=\"page\">\n\t\t\t\t<div class=\"elementor-element elementor-element-b4f8cdc e-flex e-con-boxed e-con e-child\" data-id=\"b4f8cdc\" data-element_type=\"container\" data-e-type=\"container\" data-settings=\"{&quot;background_background&quot;:&quot;classic&quot;}\">\n\t\t\t\t\t<div class=\"e-con-inner\">\n\t\t<div class=\"elementor-element elementor-element-40de97d e-con-full e-flex e-con e-child\" data-id=\"40de97d\" data-element_type=\"container\" data-e-type=\"container\">\n\t\t\t\t<div class=\"elementor-element elementor-element-dc5c025 elementor-widget-divider--view-line elementor-widget elementor-widget-divider\" data-id=\"dc5c025\" data-element_type=\"widget\" data-e-type=\"widget\" data-widget_type=\"divider.default\">\n\t\t\t\t<div class=\"elementor-widget-container\">\n\t\t\t\t\t\t\t<div class=\"elementor-divider\">\n\t\t\t<span class=\"elementor-divider-separator\">\n\t\t\t\t\t\t<\/span>\n\t\t<\/div>\n\t\t\t\t\t\t<\/div>\n\t\t\t\t<\/div>\n\t\t\t\t<div class=\"elementor-element elementor-element-a7b0fe7 elementor-widget__width-inherit elementor-widget elementor-widget-heading\" data-id=\"a7b0fe7\" data-element_type=\"widget\" data-e-type=\"widget\" data-widget_type=\"heading.default\">\n\t\t\t\t<div class=\"elementor-widget-container\">\n\t\t\t\t\t<h2 class=\"elementor-heading-title elementor-size-default\">Sozialcoaching<\/h2>\t\t\t\t<\/div>\n\t\t\t\t<\/div>\n\t\t\t\t<div class=\"elementor-element elementor-element-c6e9998 elementor-widget__width-initial elementor-widget elementor-widget-text-editor\" data-id=\"c6e9998\" data-element_type=\"widget\" data-e-type=\"widget\" data-widget_type=\"text-editor.default\">\n\t\t\t\t<div class=\"elementor-widget-container\">\n\t\t\t\t\t\t\t\t\t<p>Sozialcoaching ist eine individuelle Unterst\u00fctzung, die Menschen dabei hilft, pers\u00f6nliche, soziale und berufliche Herausforderungen zu bew\u00e4ltigen. Es richtet sich oft an Personen, die in schwierigen Lebenssituationen stehen, wie Arbeitslosigkeit, soziale Isolation, gesundheitliche Probleme oder finanzielle Schwierigkeiten, und begleitet sie auf dem Weg zu einem selbstst\u00e4ndigen und stabilen Leben.<\/p>\t\t\t\t\t\t\t\t<\/div>\n\t\t\t\t<\/div>\n\t\t\t\t<\/div>\n\t\t\t\t\t<\/div>\n\t\t\t\t<\/div>\n\t\t<div class=\"elementor-element elementor-element-68a33fbc e-flex e-con-boxed e-con e-parent\" data-id=\"68a33fbc\" data-element_type=\"container\" data-e-type=\"container\">\n\t\t\t\t\t<div class=\"e-con-inner\">\n\t\t\t\t<div class=\"elementor-element elementor-element-2d1d1be5 elementor-widget elementor-widget-heading\" data-id=\"2d1d1be5\" data-element_type=\"widget\" data-e-type=\"widget\" data-widget_type=\"heading.default\">\n\t\t\t\t<div class=\"elementor-widget-container\">\n\t\t\t\t\t<h3 class=\"elementor-heading-title elementor-size-default\">F\u00fcr wen ist Sozialcoaching geeignet?<\/h3>\t\t\t\t<\/div>\n\t\t\t\t<\/div>\n\t\t\t\t<div class=\"elementor-element elementor-element-3d11f656 elementor-widget__width-initial elementor-widget elementor-widget-text-editor\" data-id=\"3d11f656\" data-element_type=\"widget\" data-e-type=\"widget\" data-widget_type=\"text-editor.default\">\n\t\t\t\t<div class=\"elementor-widget-container\">\n\t\t\t\t\t\t\t\t\t<ul><li>Personen mit langanhaltender Arbeitslosigkeit oder Schwierigkeiten bei der Jobsuche.<\/li><li>Menschen, die soziale oder psychische Probleme haben.<\/li><li>Migrant*innen oder Gefl\u00fcchtete, die Unterst\u00fctzung bei der Integration ben\u00f6tigen.<\/li><\/ul><ul><li>Jugendliche oder junge Erwachsene, die Unterst\u00fctzung beim Einstieg ins Berufsleben oder bei der Selbstst\u00e4ndigkeit brauchen.<\/li><\/ul>\t\t\t\t\t\t\t\t<\/div>\n\t\t\t\t<\/div>\n\t\t\t\t\t<\/div>\n\t\t\t\t<\/div>\n\t\t<div class=\"elementor-element elementor-element-e62ef91 e-flex e-con-boxed e-con e-child\" data-id=\"e62ef91\" data-element_type=\"container\" data-e-type=\"container\" data-settings=\"{&quot;background_background&quot;:&quot;classic&quot;}\">\n\t\t\t\t\t<div class=\"e-con-inner\">\n\t\t<div class=\"elementor-element elementor-element-7cd9c76 e-con-full e-flex e-con e-child\" data-id=\"7cd9c76\" data-element_type=\"container\" data-e-type=\"container\">\n\t\t\t\t<div class=\"elementor-element elementor-element-f8f010c elementor-widget-tablet__width-initial elementor-widget elementor-widget-heading\" data-id=\"f8f010c\" data-element_type=\"widget\" data-e-type=\"widget\" data-widget_type=\"heading.default\">\n\t\t\t\t<div class=\"elementor-widget-container\">\n\t\t\t\t\t<h3 class=\"elementor-heading-title elementor-size-default\">Ziele des Sozialcoachings<\/h3>\t\t\t\t<\/div>\n\t\t\t\t<\/div>\n\t\t\t\t<\/div>\n\t\t<div class=\"elementor-element elementor-element-2f290d5 e-con-full e-flex e-con e-child\" data-id=\"2f290d5\" data-element_type=\"container\" data-e-type=\"container\">\n\t\t<div class=\"elementor-element elementor-element-1274f18 e-con-full e-flex e-con e-child\" data-id=\"1274f18\" data-element_type=\"container\" data-e-type=\"container\">\n\t\t\t\t<div class=\"elementor-element elementor-element-6ffdfea elementor-widget__width-initial elementor-widget elementor-widget-heading\" data-id=\"6ffdfea\" data-element_type=\"widget\" data-e-type=\"widget\" data-widget_type=\"heading.default\">\n\t\t\t\t<div class=\"elementor-widget-container\">\n\t\t\t\t\t<h3 class=\"elementor-heading-title elementor-size-default\">St\u00e4rkung der Eigenverantwortung<\/h3>\t\t\t\t<\/div>\n\t\t\t\t<\/div>\n\t\t\t\t<div class=\"elementor-element elementor-element-d6dca95 elementor-widget__width-inherit elementor-widget elementor-widget-text-editor\" data-id=\"d6dca95\" data-element_type=\"widget\" data-e-type=\"widget\" data-widget_type=\"text-editor.default\">\n\t\t\t\t<div class=\"elementor-widget-container\">\n\t\t\t\t\t\t\t\t\tF\u00f6rderung der F\u00e4higkeit, eigene Probleme zu l\u00f6sen und Entscheidungen zu treffen.\t\t\t\t\t\t\t\t<\/div>\n\t\t\t\t<\/div>\n\t\t\t\t<\/div>\n\t\t<div class=\"elementor-element elementor-element-66c68fb e-con-full e-flex e-con e-child\" data-id=\"66c68fb\" data-element_type=\"container\" data-e-type=\"container\">\n\t\t\t\t<div class=\"elementor-element elementor-element-af2fcc3 elementor-widget__width-initial elementor-widget elementor-widget-heading\" data-id=\"af2fcc3\" data-element_type=\"widget\" data-e-type=\"widget\" data-widget_type=\"heading.default\">\n\t\t\t\t<div class=\"elementor-widget-container\">\n\t\t\t\t\t<h2 class=\"elementor-heading-title elementor-size-default\">Verbesserung der Lebenssituation<\/h2>\t\t\t\t<\/div>\n\t\t\t\t<\/div>\n\t\t\t\t<div class=\"elementor-element elementor-element-6fbc3f4 elementor-widget__width-inherit elementor-widget elementor-widget-text-editor\" data-id=\"6fbc3f4\" data-element_type=\"widget\" data-e-type=\"widget\" data-widget_type=\"text-editor.default\">\n\t\t\t\t<div class=\"elementor-widget-container\">\n\t\t\t\t\t\t\t\t\t<p>Unterst\u00fctzung bei der Bew\u00e4ltigung sozialer, beruflicher oder pers\u00f6nlicher Herausforderungen.<\/p>\t\t\t\t\t\t\t\t<\/div>\n\t\t\t\t<\/div>\n\t\t\t\t<\/div>\n\t\t<div class=\"elementor-element elementor-element-d038762 e-con-full e-flex e-con e-child\" data-id=\"d038762\" data-element_type=\"container\" data-e-type=\"container\">\n\t\t\t\t<div class=\"elementor-element elementor-element-668b43b elementor-widget__width-initial elementor-widget elementor-widget-heading\" data-id=\"668b43b\" data-element_type=\"widget\" data-e-type=\"widget\" data-widget_type=\"heading.default\">\n\t\t\t\t<div class=\"elementor-widget-container\">\n\t\t\t\t\t<h2 class=\"elementor-heading-title elementor-size-default\">Integration<\/h2>\t\t\t\t<\/div>\n\t\t\t\t<\/div>\n\t\t\t\t<div class=\"elementor-element elementor-element-9b8cc25 elementor-widget__width-inherit elementor-widget elementor-widget-text-editor\" data-id=\"9b8cc25\" data-element_type=\"widget\" data-e-type=\"widget\" data-widget_type=\"text-editor.default\">\n\t\t\t\t<div class=\"elementor-widget-container\">\n\t\t\t\t\t\t\t\t\tF\u00f6rderung der sozialen und beruflichen Eingliederung in die Gesellschaft\t\t\t\t\t\t\t\t<\/div>\n\t\t\t\t<\/div>\n\t\t\t\t<\/div>\n\t\t\t\t<\/div>\n\t\t\t\t\t<\/div>\n\t\t\t\t<\/div>\n\t\t<div class=\"elementor-element elementor-element-a7ebb48 e-flex e-con-boxed e-con e-parent\" data-id=\"a7ebb48\" data-element_type=\"container\" data-e-type=\"container\">\n\t\t\t\t\t<div class=\"e-con-inner\">\n\t\t\t\t<div class=\"elementor-element elementor-element-dacc3c9 elementor-widget elementor-widget-heading\" data-id=\"dacc3c9\" data-element_type=\"widget\" data-e-type=\"widget\" data-widget_type=\"heading.default\">\n\t\t\t\t<div class=\"elementor-widget-container\">\n\t\t\t\t\t<h3 class=\"elementor-heading-title elementor-size-default\">Wie funktioniert Sozialcoaching?<\/h3>\t\t\t\t<\/div>\n\t\t\t\t<\/div>\n\t\t\t\t<div class=\"elementor-element elementor-element-0d5394e elementor-widget__width-initial elementor-widget-mobile__width-inherit elementor-widget elementor-widget-text-editor\" data-id=\"0d5394e\" data-element_type=\"widget\" data-e-type=\"widget\" data-widget_type=\"text-editor.default\">\n\t\t\t\t<div class=\"elementor-widget-container\">\n\t\t\t\t\t\t\t\t\t<ul>\n \t<li><strong>Individuelle Betreuung:<\/strong><br>\nEin Sozialcoach arbeitet eng mit der Person zusammen und entwickelt\nma\u00dfgeschneiderte L\u00f6sungsans\u00e4tze.<\/li>\n \t<li><strong>Langfristige Begleitung:<\/strong><br>\nDie Betreuung kann \u00fcber einen l\u00e4ngeren Zeitraum erfolgen, um nachhaltige\nErgebnisse zu erzielen.<\/li>\n \t<li><strong>Vernetzung:<\/strong> <br>Sozialcoaches arbeiten oft mit sozialen Tr\u00e4gern, Jobcentern und anderen Institutionen\nzusammen.<\/li>\n<\/ul>\t\t\t\t\t\t\t\t<\/div>\n\t\t\t\t<\/div>\n\t\t\t\t\t<\/div>\n\t\t\t\t<\/div>\n\t\t<div class=\"elementor-element elementor-element-100094e e-flex e-con-boxed e-con e-parent\" data-id=\"100094e\" data-element_type=\"container\" data-e-type=\"container\">\n\t\t\t\t\t<div class=\"e-con-inner\">\n\t\t\t\t<div class=\"elementor-element elementor-element-972b1b1 elementor-widget__width-inherit elementor-widget elementor-widget-heading\" data-id=\"972b1b1\" data-element_type=\"widget\" data-e-type=\"widget\" data-widget_type=\"heading.default\">\n\t\t\t\t<div class=\"elementor-widget-container\">\n\t\t\t\t\t<h3 class=\"elementor-heading-title elementor-size-default\">Themen und Inhalte des Stabilisierungscoachings<\/h3>\t\t\t\t<\/div>\n\t\t\t\t<\/div>\n\t\t<div class=\"elementor-element elementor-element-0789cb0 e-con-full e-flex e-con e-child\" data-id=\"0789cb0\" data-element_type=\"container\" data-e-type=\"container\" data-settings=\"{&quot;background_background&quot;:&quot;classic&quot;}\">\n\t\t\t\t<div class=\"elementor-element elementor-element-5a52839 elementor-widget__width-initial elementor-widget elementor-widget-image\" data-id=\"5a52839\" data-element_type=\"widget\" data-e-type=\"widget\" data-widget_type=\"image.default\">\n\t\t\t\t<div class=\"elementor-widget-container\">\n\t\t\t\t\t\t\t\t\t\t\t\t\t\t\t<img decoding=\"async\" width=\"30\" height=\"30\" src=\"https:\/\/ancora-coaching.de\/wp-content\/uploads\/2024\/12\/number-1-e1631096925907.png\" class=\"attachment-large size-large wp-image-32\" alt=\"\" \/>\t\t\t\t\t\t\t\t\t\t\t\t\t\t\t<\/div>\n\t\t\t\t<\/div>\n\t\t<div class=\"elementor-element elementor-element-ebf7316 e-con-full e-flex e-con e-child\" data-id=\"ebf7316\" data-element_type=\"container\" data-e-type=\"container\">\n\t\t\t\t<div class=\"elementor-element elementor-element-f415848 elementor-widget elementor-widget-heading\" data-id=\"f415848\" data-element_type=\"widget\" data-e-type=\"widget\" data-widget_type=\"heading.default\">\n\t\t\t\t<div class=\"elementor-widget-container\">\n\t\t\t\t\t<h4 class=\"elementor-heading-title elementor-size-default\">Beratung und Unterst\u00fctzung<\/h4>\t\t\t\t<\/div>\n\t\t\t\t<\/div>\n\t\t\t\t<div class=\"elementor-element elementor-element-e261b9f elementor-widget__width-initial elementor-widget elementor-widget-text-editor\" data-id=\"e261b9f\" data-element_type=\"widget\" data-e-type=\"widget\" data-widget_type=\"text-editor.default\">\n\t\t\t\t<div class=\"elementor-widget-container\">\n\t\t\t\t\t\t\t\t\t<ul><li>Kl\u00e4rung pers\u00f6nlicher und sozialer Probleme.<\/li><li>Vermittlung an Hilfsangebote, z. B. Sozialdienste, Beratungsstellen oder Therapien.<\/li><\/ul>\t\t\t\t\t\t\t\t<\/div>\n\t\t\t\t<\/div>\n\t\t\t\t<\/div>\n\t\t\t\t<\/div>\n\t\t<div class=\"elementor-element elementor-element-495c70b e-con-full e-flex e-con e-child\" data-id=\"495c70b\" data-element_type=\"container\" data-e-type=\"container\" data-settings=\"{&quot;background_background&quot;:&quot;classic&quot;}\">\n\t\t\t\t<div class=\"elementor-element elementor-element-73a8a5b elementor-widget__width-initial elementor-widget elementor-widget-image\" data-id=\"73a8a5b\" data-element_type=\"widget\" data-e-type=\"widget\" data-widget_type=\"image.default\">\n\t\t\t\t<div class=\"elementor-widget-container\">\n\t\t\t\t\t\t\t\t\t\t\t\t\t\t\t<img decoding=\"async\" width=\"30\" height=\"30\" src=\"https:\/\/ancora-coaching.de\/wp-content\/uploads\/2024\/12\/number-2-e1631097007496.png\" class=\"attachment-large size-large wp-image-33\" alt=\"\" \/>\t\t\t\t\t\t\t\t\t\t\t\t\t\t\t<\/div>\n\t\t\t\t<\/div>\n\t\t<div class=\"elementor-element elementor-element-44b54a8 e-con-full e-flex e-con e-child\" data-id=\"44b54a8\" data-element_type=\"container\" data-e-type=\"container\">\n\t\t\t\t<div class=\"elementor-element elementor-element-79db625 elementor-widget elementor-widget-heading\" data-id=\"79db625\" data-element_type=\"widget\" data-e-type=\"widget\" data-widget_type=\"heading.default\">\n\t\t\t\t<div class=\"elementor-widget-container\">\n\t\t\t\t\t<h4 class=\"elementor-heading-title elementor-size-default\">Berufliche Integration<\/h4>\t\t\t\t<\/div>\n\t\t\t\t<\/div>\n\t\t\t\t<div class=\"elementor-element elementor-element-3577621 elementor-widget__width-initial elementor-widget elementor-widget-text-editor\" data-id=\"3577621\" data-element_type=\"widget\" data-e-type=\"widget\" data-widget_type=\"text-editor.default\">\n\t\t\t\t<div class=\"elementor-widget-container\">\n\t\t\t\t\t\t\t\t\t<ul><li>Unterst\u00fctzung bei der Jobsuche und Bewerbung<\/li><li>F\u00f6rderung von F\u00e4higkeiten f\u00fcr den Arbeitsmarkt.<\/li><li>Begleitung bei der beruflichen Orientierung.<\/li><\/ul>\t\t\t\t\t\t\t\t<\/div>\n\t\t\t\t<\/div>\n\t\t\t\t<\/div>\n\t\t\t\t<\/div>\n\t\t<div class=\"elementor-element elementor-element-12999eb e-con-full e-flex e-con e-child\" data-id=\"12999eb\" data-element_type=\"container\" data-e-type=\"container\" data-settings=\"{&quot;background_background&quot;:&quot;classic&quot;}\">\n\t\t\t\t<div class=\"elementor-element elementor-element-f2d367a elementor-widget__width-initial elementor-widget elementor-widget-image\" data-id=\"f2d367a\" data-element_type=\"widget\" data-e-type=\"widget\" data-widget_type=\"image.default\">\n\t\t\t\t<div class=\"elementor-widget-container\">\n\t\t\t\t\t\t\t\t\t\t\t\t\t\t\t<img decoding=\"async\" width=\"30\" height=\"30\" src=\"https:\/\/ancora-coaching.de\/wp-content\/uploads\/2024\/12\/number-3-e1631097026589.png\" class=\"attachment-large size-large wp-image-34\" alt=\"\" \/>\t\t\t\t\t\t\t\t\t\t\t\t\t\t\t<\/div>\n\t\t\t\t<\/div>\n\t\t<div class=\"elementor-element elementor-element-cd0ed65 e-con-full e-flex e-con e-child\" data-id=\"cd0ed65\" data-element_type=\"container\" data-e-type=\"container\">\n\t\t\t\t<div class=\"elementor-element elementor-element-306ae81 elementor-widget elementor-widget-heading\" data-id=\"306ae81\" data-element_type=\"widget\" data-e-type=\"widget\" data-widget_type=\"heading.default\">\n\t\t\t\t<div class=\"elementor-widget-container\">\n\t\t\t\t\t<h4 class=\"elementor-heading-title elementor-size-default\">Pers\u00f6nliche Stabilisierung<\/h4>\t\t\t\t<\/div>\n\t\t\t\t<\/div>\n\t\t\t\t<div class=\"elementor-element elementor-element-c952fa6 elementor-widget__width-initial elementor-widget elementor-widget-text-editor\" data-id=\"c952fa6\" data-element_type=\"widget\" data-e-type=\"widget\" data-widget_type=\"text-editor.default\">\n\t\t\t\t<div class=\"elementor-widget-container\">\n\t\t\t\t\t\t\t\t\t<ul><li>Hilfe beim Umgang mit Stress, Konflikten oder Krisen.<\/li><li>F\u00f6rderung von Selbstbewusstsein und Resilienz.<\/li><\/ul>\t\t\t\t\t\t\t\t<\/div>\n\t\t\t\t<\/div>\n\t\t\t\t<\/div>\n\t\t\t\t<\/div>\n\t\t<div class=\"elementor-element elementor-element-4fd7fb6 e-con-full e-flex e-con e-child\" data-id=\"4fd7fb6\" data-element_type=\"container\" data-e-type=\"container\" data-settings=\"{&quot;background_background&quot;:&quot;classic&quot;}\">\n\t\t\t\t<div class=\"elementor-element elementor-element-157dc72 elementor-widget__width-initial elementor-widget elementor-widget-image\" data-id=\"157dc72\" data-element_type=\"widget\" data-e-type=\"widget\" data-widget_type=\"image.default\">\n\t\t\t\t<div class=\"elementor-widget-container\">\n\t\t\t\t\t\t\t\t\t\t\t\t\t\t\t<img loading=\"lazy\" decoding=\"async\" width=\"30\" height=\"30\" src=\"https:\/\/ancora-coaching.de\/wp-content\/uploads\/2024\/12\/number-4-e1631097079788.png\" class=\"attachment-large size-large wp-image-35\" alt=\"\" \/>\t\t\t\t\t\t\t\t\t\t\t\t\t\t\t<\/div>\n\t\t\t\t<\/div>\n\t\t<div class=\"elementor-element elementor-element-89063fa e-con-full e-flex e-con e-child\" data-id=\"89063fa\" data-element_type=\"container\" data-e-type=\"container\">\n\t\t\t\t<div class=\"elementor-element elementor-element-28fe3d6 elementor-widget elementor-widget-heading\" data-id=\"28fe3d6\" data-element_type=\"widget\" data-e-type=\"widget\" data-widget_type=\"heading.default\">\n\t\t\t\t<div class=\"elementor-widget-container\">\n\t\t\t\t\t<h4 class=\"elementor-heading-title elementor-size-default\">Organisation des Alltags<\/h4>\t\t\t\t<\/div>\n\t\t\t\t<\/div>\n\t\t\t\t<div class=\"elementor-element elementor-element-c67dbec elementor-widget__width-initial elementor-widget elementor-widget-text-editor\" data-id=\"c67dbec\" data-element_type=\"widget\" data-e-type=\"widget\" data-widget_type=\"text-editor.default\">\n\t\t\t\t<div class=\"elementor-widget-container\">\n\t\t\t\t\t\t\t\t\t<ul><li>Unterst\u00fctzung bei Beh\u00f6rdeng\u00e4ngen, Antr\u00e4gen oder finanziellen Angelegenheiten.<\/li><li>Begleitung beim Aufbau stabiler Alltagsstrukturen.<\/li><\/ul>\t\t\t\t\t\t\t\t<\/div>\n\t\t\t\t<\/div>\n\t\t\t\t<\/div>\n\t\t\t\t<\/div>\n\t\t<div class=\"elementor-element elementor-element-2543919 e-con-full e-flex e-con e-child\" data-id=\"2543919\" data-element_type=\"container\" data-e-type=\"container\" data-settings=\"{&quot;background_background&quot;:&quot;classic&quot;}\">\n\t\t\t\t<div class=\"elementor-element elementor-element-98fb96f elementor-widget__width-initial elementor-widget elementor-widget-image\" data-id=\"98fb96f\" data-element_type=\"widget\" data-e-type=\"widget\" data-widget_type=\"image.default\">\n\t\t\t\t<div class=\"elementor-widget-container\">\n\t\t\t\t\t\t\t\t\t\t\t\t\t\t\t<img loading=\"lazy\" decoding=\"async\" width=\"30\" height=\"30\" src=\"https:\/\/ancora-coaching.de\/wp-content\/uploads\/2025\/01\/number-5-e1631097090541.png\" class=\"attachment-large size-large wp-image-246\" alt=\"\" \/>\t\t\t\t\t\t\t\t\t\t\t\t\t\t\t<\/div>\n\t\t\t\t<\/div>\n\t\t<div class=\"elementor-element elementor-element-e0af20b e-con-full e-flex e-con e-child\" data-id=\"e0af20b\" data-element_type=\"container\" data-e-type=\"container\">\n\t\t\t\t<div class=\"elementor-element elementor-element-29c748a elementor-widget elementor-widget-heading\" data-id=\"29c748a\" data-element_type=\"widget\" data-e-type=\"widget\" data-widget_type=\"heading.default\">\n\t\t\t\t<div class=\"elementor-widget-container\">\n\t\t\t\t\t<h4 class=\"elementor-heading-title elementor-size-default\">Netzwerkaufbau<\/h4>\t\t\t\t<\/div>\n\t\t\t\t<\/div>\n\t\t\t\t<div class=\"elementor-element elementor-element-115637b elementor-widget__width-initial elementor-widget elementor-widget-text-editor\" data-id=\"115637b\" data-element_type=\"widget\" data-e-type=\"widget\" data-widget_type=\"text-editor.default\">\n\t\t\t\t<div class=\"elementor-widget-container\">\n\t\t\t\t\t\t\t\t\t<ul><li>F\u00f6rderung sozialer Kontakte und Integration in Gemeinschaften.<\/li><li>Vermittlung in Freizeit- oder Selbsthilfegruppen.<\/li><\/ul>\t\t\t\t\t\t\t\t<\/div>\n\t\t\t\t<\/div>\n\t\t\t\t<\/div>\n\t\t\t\t<\/div>\n\t\t\t\t\t<\/div>\n\t\t\t\t<\/div>\n\t\t<div class=\"elementor-element elementor-element-0f51290 e-flex e-con-boxed e-con e-parent\" data-id=\"0f51290\" data-element_type=\"container\" data-e-type=\"container\">\n\t\t\t\t\t<div class=\"e-con-inner\">\n\t\t\t\t<div class=\"elementor-element elementor-element-2c03993 elementor-widget__width-initial elementor-widget elementor-widget-text-editor\" data-id=\"2c03993\" data-element_type=\"widget\" data-e-type=\"widget\" data-widget_type=\"text-editor.default\">\n\t\t\t\t<div class=\"elementor-widget-container\">\n\t\t\t\t\t\t\t\t\tUnter Umst\u00e4nden wird das Sozialcoaching durch staatliche F\u00f6rdermittel unterst\u00fctzt, Bundesagentur f\u00fcr Arbeit und das Jobcenter F\u00f6rderung nach \u00a745 Abs. 1 Satz 1 SGB III Nr. 1-5 (AVGS MAT=Aktivierungs- und Vermittlungsgutschein).\t\t\t\t\t\t\t\t<\/div>\n\t\t\t\t<\/div>\n\t\t\t\t\t<\/div>\n\t\t\t\t<\/div>\n\t\t<div class=\"elementor-element elementor-element-513bc7d e-flex e-con-boxed e-con e-parent\" data-id=\"513bc7d\" data-element_type=\"container\" data-e-type=\"container\" data-settings=\"{&quot;background_background&quot;:&quot;classic&quot;}\">\n\t\t\t\t\t<div class=\"e-con-inner\">\n\t\t<div class=\"elementor-element elementor-element-d0389f6 e-con-full e-flex e-con e-child\" data-id=\"d0389f6\" data-element_type=\"container\" data-e-type=\"container\" data-settings=\"{&quot;sticky&quot;:&quot;top&quot;,&quot;sticky_on&quot;:[&quot;desktop&quot;],&quot;sticky_offset&quot;:100,&quot;sticky_parent&quot;:&quot;yes&quot;,&quot;sticky_effects_offset&quot;:0,&quot;sticky_anchor_link_offset&quot;:0}\">\n\t\t\t\t<div class=\"elementor-element elementor-element-eeb030d elementor-widget elementor-widget-heading\" data-id=\"eeb030d\" data-element_type=\"widget\" data-e-type=\"widget\" data-widget_type=\"heading.default\">\n\t\t\t\t<div class=\"elementor-widget-container\">\n\t\t\t\t\t<h2 class=\"elementor-heading-title elementor-size-default\">Buchen Sie jetzt ein unverbindliches Gespr\u00e4ch!<\/h2>\t\t\t\t<\/div>\n\t\t\t\t<\/div>\n\t\t\t\t<div class=\"elementor-element elementor-element-97bea15 elementor-widget__width-initial elementor-widget elementor-widget-text-editor\" data-id=\"97bea15\" data-element_type=\"widget\" data-e-type=\"widget\" data-widget_type=\"text-editor.default\">\n\t\t\t\t<div class=\"elementor-widget-container\">\n\t\t\t\t\t\t\t\t\t<p>Haben Sie noch offene Fragen oder wollen mehr \u00fcber Kosten und Finanzierung erfahren ? Buchen Sie hier einfach ein kostenloses und unverbindliches Gespr\u00e4ch! Wir helfen Ihnen gern weiter!<\/p>\t\t\t\t\t\t\t\t<\/div>\n\t\t\t\t<\/div>\n\t\t\t\t<div class=\"elementor-element elementor-element-003a7ab elementor-widget__width-initial elementor-widget elementor-widget-text-editor\" data-id=\"003a7ab\" data-element_type=\"widget\" data-e-type=\"widget\" data-widget_type=\"text-editor.default\">\n\t\t\t\t<div class=\"elementor-widget-container\">\n\t\t\t\t\t\t\t\t\tWenn wir Ihr Interesse geweckt haben, sprechen Sie bitte mit Ihrem Arbeitsvermittler bei der Arbeitsagentur oder dem zust\u00e4ndigen Jobcenter, ob auch Sie Anspruch auf ein Aktivierungs- und Vermittlungsgutschein haben.\t\t\t\t\t\t\t\t<\/div>\n\t\t\t\t<\/div>\n\t\t\t\t<\/div>\n\t\t\t\t<div class=\"elementor-element elementor-element-a8140ba elementor-widget__width-initial elementor-widget elementor-widget-html\" data-id=\"a8140ba\" data-element_type=\"widget\" data-e-type=\"widget\" data-widget_type=\"html.default\">\n\t\t\t\t<div class=\"elementor-widget-container\">\n\t\t\t\t\t<!-- Calendly inline widget begin -->\r\n<div class=\"calendly-inline-widget\" data-url=\"https:\/\/calendly.com\/ancorajobcoaching\/30min\" style=\"min-width:320px;height:900px;\"><\/div>\r\n<script type=\"text\/javascript\" src=\"https:\/\/assets.calendly.com\/assets\/external\/widget.js\" async><\/script>\r\n<!-- Calendly inline widget end -->\t\t\t\t<\/div>\n\t\t\t\t<\/div>\n\t\t\t\t\t<\/div>\n\t\t\t\t<\/div>\n\t\t\t\t<\/div>\n\t\t","protected":false},"excerpt":{"rendered":"<p>Sozialcoaching Sozialcoaching ist eine individuelle Unterst\u00fctzung, die Menschen dabei hilft, pers\u00f6nliche, soziale und berufliche Herausforderungen zu bew\u00e4ltigen. Es richtet sich oft an Personen, die in schwierigen Lebenssituationen stehen, wie Arbeitslosigkeit, soziale Isolation, gesundheitliche Probleme oder finanzielle Schwierigkeiten, und begleitet sie auf dem Weg zu einem selbstst\u00e4ndigen und stabilen Leben. F\u00fcr wen ist Sozialcoaching geeignet? Personen [&hellip;]<\/p>\n","protected":false},"author":1,"featured_media":0,"parent":38,"menu_order":3,"comment_status":"closed","ping_status":"closed","template":"elementor_header_footer","meta":{"footnotes":""},"class_list":["post-83","page","type-page","status-publish","hentry"],"_links":{"self":[{"href":"https:\/\/ancora-coaching.de\/ru\/wp-json\/wp\/v2\/pages\/83","targetHints":{"allow":["GET"]}}],"collection":[{"href":"https:\/\/ancora-coaching.de\/ru\/wp-json\/wp\/v2\/pages"}],"about":[{"href":"https:\/\/ancora-coaching.de\/ru\/wp-json\/wp\/v2\/types\/page"}],"author":[{"embeddable":true,"href":"https:\/\/ancora-coaching.de\/ru\/wp-json\/wp\/v2\/users\/1"}],"replies":[{"embeddable":true,"href":"https:\/\/ancora-coaching.de\/ru\/wp-json\/wp\/v2\/comments?post=83"}],"version-history":[{"count":76,"href":"https:\/\/ancora-coaching.de\/ru\/wp-json\/wp\/v2\/pages\/83\/revisions"}],"predecessor-version":[{"id":1806,"href":"https:\/\/ancora-coaching.de\/ru\/wp-json\/wp\/v2\/pages\/83\/revisions\/1806"}],"up":[{"embeddable":true,"href":"https:\/\/ancora-coaching.de\/ru\/wp-json\/wp\/v2\/pages\/38"}],"wp:attachment":[{"href":"https:\/\/ancora-coaching.de\/ru\/wp-json\/wp\/v2\/media?parent=83"}],"curies":[{"name":"WP","href":"https:\/\/api.w.org\/{rel}","templated":true}]}}