{"id":85,"date":"2024-12-30T02:34:47","date_gmt":"2024-12-30T02:34:47","guid":{"rendered":"https:\/\/ancora-coaching.de\/?page_id=85"},"modified":"2025-02-10T15:16:57","modified_gmt":"2025-02-10T15:16:57","slug":"stabilisierungscoaching","status":"publish","type":"page","link":"https:\/\/ancora-coaching.de\/ru\/startseite\/stabilisierungscoaching\/","title":{"rendered":"\u0422\u0440\u0435\u043d\u0435\u0440 \u043f\u043e \u0441\u0442\u0430\u0431\u0438\u043b\u0438\u0437\u0430\u0446\u0438\u0438"},"content":{"rendered":"\t\t<div data-elementor-type=\"wp-page\" data-elementor-id=\"85\" class=\"elementor elementor-85\" data-elementor-post-type=\"page\">\n\t\t\t\t<div class=\"elementor-element elementor-element-3c1d8ac e-flex e-con-boxed e-con e-child\" data-id=\"3c1d8ac\" data-element_type=\"container\" data-e-type=\"container\" data-settings=\"{&quot;background_background&quot;:&quot;classic&quot;}\">\n\t\t\t\t\t<div class=\"e-con-inner\">\n\t\t<div class=\"elementor-element elementor-element-451ddc6 e-con-full e-flex e-con e-child\" data-id=\"451ddc6\" data-element_type=\"container\" data-e-type=\"container\">\n\t\t\t\t<div class=\"elementor-element elementor-element-8c4f07e elementor-widget-divider--view-line elementor-widget elementor-widget-divider\" data-id=\"8c4f07e\" data-element_type=\"widget\" data-e-type=\"widget\" data-widget_type=\"divider.default\">\n\t\t\t\t<div class=\"elementor-widget-container\">\n\t\t\t\t\t\t\t<div class=\"elementor-divider\">\n\t\t\t<span class=\"elementor-divider-separator\">\n\t\t\t\t\t\t<\/span>\n\t\t<\/div>\n\t\t\t\t\t\t<\/div>\n\t\t\t\t<\/div>\n\t\t\t\t<div class=\"elementor-element elementor-element-18d021a elementor-widget__width-inherit elementor-widget elementor-widget-heading\" data-id=\"18d021a\" data-element_type=\"widget\" data-e-type=\"widget\" data-widget_type=\"heading.default\">\n\t\t\t\t<div class=\"elementor-widget-container\">\n\t\t\t\t\t<h2 class=\"elementor-heading-title elementor-size-default\">Stabilisierungscoaching<\/h2>\t\t\t\t<\/div>\n\t\t\t\t<\/div>\n\t\t\t\t<div class=\"elementor-element elementor-element-7736d8b elementor-widget__width-initial elementor-widget elementor-widget-text-editor\" data-id=\"7736d8b\" data-element_type=\"widget\" data-e-type=\"widget\" data-widget_type=\"text-editor.default\">\n\t\t\t\t<div class=\"elementor-widget-container\">\n\t\t\t\t\t\t\t\t\t<p>Stabilisierungscoaching ist eine Form der individuellen Beratung und Begleitung, die darauf abzielt, Menschen in schwierigen Lebenssituationen oder nach belastenden Erfahrungen zu unterst\u00fctzen. Ziel ist es, Stabilit\u00e4t in verschiedenen Lebensbereichen zu schaffen, Belastungen abzubauen und Grundlagen f\u00fcr eine positive pers\u00f6nliche oder berufliche Entwicklung zu legen.<\/p>\t\t\t\t\t\t\t\t<\/div>\n\t\t\t\t<\/div>\n\t\t\t\t<\/div>\n\t\t\t\t\t<\/div>\n\t\t\t\t<\/div>\n\t\t<div class=\"elementor-element elementor-element-68a33fbc e-flex e-con-boxed e-con e-parent\" data-id=\"68a33fbc\" data-element_type=\"container\" data-e-type=\"container\">\n\t\t\t\t\t<div class=\"e-con-inner\">\n\t\t\t\t<div class=\"elementor-element elementor-element-2d1d1be5 elementor-widget elementor-widget-heading\" data-id=\"2d1d1be5\" data-element_type=\"widget\" data-e-type=\"widget\" data-widget_type=\"heading.default\">\n\t\t\t\t<div class=\"elementor-widget-container\">\n\t\t\t\t\t<h3 class=\"elementor-heading-title elementor-size-default\">F\u00fcr wen ist Stabilisierungscoaching geeignet?<\/h3>\t\t\t\t<\/div>\n\t\t\t\t<\/div>\n\t\t\t\t<div class=\"elementor-element elementor-element-3d11f656 elementor-widget__width-initial elementor-widget elementor-widget-text-editor\" data-id=\"3d11f656\" data-element_type=\"widget\" data-e-type=\"widget\" data-widget_type=\"text-editor.default\">\n\t\t\t\t<div class=\"elementor-widget-container\">\n\t\t\t\t\t\t\t\t\t<ul><li>Menschen, die sich in einer pers\u00f6nlichen oder beruflichen Krise befinden.<\/li><li>Personen nach l\u00e4ngerer Arbeitslosigkeit oder Krankheit.<\/li><li>Menschen mit psychischen Belastungen, wie Stress oder Burnout.<\/li><\/ul><ul><li>Jugendliche und Erwachsene, die Unterst\u00fctzung beim Aufbau von Selbstst\u00e4ndigkeit ben\u00f6tigen.<\/li><\/ul>\t\t\t\t\t\t\t\t<\/div>\n\t\t\t\t<\/div>\n\t\t\t\t\t<\/div>\n\t\t\t\t<\/div>\n\t\t<div class=\"elementor-element elementor-element-45eda5a e-flex e-con-boxed e-con e-child\" data-id=\"45eda5a\" data-element_type=\"container\" data-e-type=\"container\" data-settings=\"{&quot;background_background&quot;:&quot;classic&quot;}\">\n\t\t\t\t\t<div class=\"e-con-inner\">\n\t\t<div class=\"elementor-element elementor-element-b9e14cd e-con-full e-flex e-con e-child\" data-id=\"b9e14cd\" data-element_type=\"container\" data-e-type=\"container\">\n\t\t\t\t<div class=\"elementor-element elementor-element-39c0518 elementor-widget-tablet__width-initial elementor-widget elementor-widget-heading\" data-id=\"39c0518\" data-element_type=\"widget\" data-e-type=\"widget\" data-widget_type=\"heading.default\">\n\t\t\t\t<div class=\"elementor-widget-container\">\n\t\t\t\t\t<h3 class=\"elementor-heading-title elementor-size-default\">Ziele des Stabilisierungscoachings<\/h3>\t\t\t\t<\/div>\n\t\t\t\t<\/div>\n\t\t\t\t<\/div>\n\t\t<div class=\"elementor-element elementor-element-8aca2a1 e-con-full e-flex e-con e-child\" data-id=\"8aca2a1\" data-element_type=\"container\" data-e-type=\"container\">\n\t\t<div class=\"elementor-element elementor-element-f0c0588 e-con-full e-flex e-con e-child\" data-id=\"f0c0588\" data-element_type=\"container\" data-e-type=\"container\">\n\t\t\t\t<div class=\"elementor-element elementor-element-be4fa38 elementor-widget__width-initial elementor-widget elementor-widget-heading\" data-id=\"be4fa38\" data-element_type=\"widget\" data-e-type=\"widget\" data-widget_type=\"heading.default\">\n\t\t\t\t<div class=\"elementor-widget-container\">\n\t\t\t\t\t<h4 class=\"elementor-heading-title elementor-size-default\">Schaffung von innerer Stabilit\u00e4t<\/h4>\t\t\t\t<\/div>\n\t\t\t\t<\/div>\n\t\t\t\t<div class=\"elementor-element elementor-element-e73be75 elementor-widget__width-inherit elementor-widget elementor-widget-text-editor\" data-id=\"e73be75\" data-element_type=\"widget\" data-e-type=\"widget\" data-widget_type=\"text-editor.default\">\n\t\t\t\t<div class=\"elementor-widget-container\">\n\t\t\t\t\t\t\t\t\tAufbau von emotionaler St\u00e4rke und Resilienz.\t\t\t\t\t\t\t\t<\/div>\n\t\t\t\t<\/div>\n\t\t\t\t<\/div>\n\t\t<div class=\"elementor-element elementor-element-888b55a e-con-full e-flex e-con e-child\" data-id=\"888b55a\" data-element_type=\"container\" data-e-type=\"container\">\n\t\t\t\t<div class=\"elementor-element elementor-element-89c92bc elementor-widget__width-initial elementor-widget elementor-widget-heading\" data-id=\"89c92bc\" data-element_type=\"widget\" data-e-type=\"widget\" data-widget_type=\"heading.default\">\n\t\t\t\t<div class=\"elementor-widget-container\">\n\t\t\t\t\t<h4 class=\"elementor-heading-title elementor-size-default\">Struktur im Alltag<\/h4>\t\t\t\t<\/div>\n\t\t\t\t<\/div>\n\t\t\t\t<div class=\"elementor-element elementor-element-dd5f33b elementor-widget__width-inherit elementor-widget elementor-widget-text-editor\" data-id=\"dd5f33b\" data-element_type=\"widget\" data-e-type=\"widget\" data-widget_type=\"text-editor.default\">\n\t\t\t\t<div class=\"elementor-widget-container\">\n\t\t\t\t\t\t\t\t\tEntwicklung von Routinen und Verhaltensweisen, die Sicherheit geben.\t\t\t\t\t\t\t\t<\/div>\n\t\t\t\t<\/div>\n\t\t\t\t<\/div>\n\t\t<div class=\"elementor-element elementor-element-b28835c e-con-full e-flex e-con e-child\" data-id=\"b28835c\" data-element_type=\"container\" data-e-type=\"container\">\n\t\t\t\t<div class=\"elementor-element elementor-element-c562115 elementor-widget__width-initial elementor-widget elementor-widget-heading\" data-id=\"c562115\" data-element_type=\"widget\" data-e-type=\"widget\" data-widget_type=\"heading.default\">\n\t\t\t\t<div class=\"elementor-widget-container\">\n\t\t\t\t\t<h4 class=\"elementor-heading-title elementor-size-default\">Verbesserung der Lebenssituation<\/h4>\t\t\t\t<\/div>\n\t\t\t\t<\/div>\n\t\t\t\t<div class=\"elementor-element elementor-element-fd662d1 elementor-widget__width-inherit elementor-widget elementor-widget-text-editor\" data-id=\"fd662d1\" data-element_type=\"widget\" data-e-type=\"widget\" data-widget_type=\"text-editor.default\">\n\t\t\t\t<div class=\"elementor-widget-container\">\n\t\t\t\t\t\t\t\t\tUnterst\u00fctzung bei pers\u00f6nlichen, sozialen oder beruflichen Herausforderungen.\t\t\t\t\t\t\t\t<\/div>\n\t\t\t\t<\/div>\n\t\t\t\t<\/div>\n\t\t<div class=\"elementor-element elementor-element-d91468b e-con-full e-flex e-con e-child\" data-id=\"d91468b\" data-element_type=\"container\" data-e-type=\"container\">\n\t\t\t\t<div class=\"elementor-element elementor-element-c4d62fe elementor-widget__width-initial elementor-widget elementor-widget-heading\" data-id=\"c4d62fe\" data-element_type=\"widget\" data-e-type=\"widget\" data-widget_type=\"heading.default\">\n\t\t\t\t<div class=\"elementor-widget-container\">\n\t\t\t\t\t<h4 class=\"elementor-heading-title elementor-size-default\">Langfristige Selbstst\u00e4ndigkeit<\/h4>\t\t\t\t<\/div>\n\t\t\t\t<\/div>\n\t\t\t\t<div class=\"elementor-element elementor-element-fc270fc elementor-widget__width-inherit elementor-widget elementor-widget-text-editor\" data-id=\"fc270fc\" data-element_type=\"widget\" data-e-type=\"widget\" data-widget_type=\"text-editor.default\">\n\t\t\t\t<div class=\"elementor-widget-container\">\n\t\t\t\t\t\t\t\t\tF\u00f6rderung der F\u00e4higkeit, Herausforderungen eigenst\u00e4ndig zu meistern.\t\t\t\t\t\t\t\t<\/div>\n\t\t\t\t<\/div>\n\t\t\t\t<\/div>\n\t\t<div class=\"elementor-element elementor-element-90eb295 e-con-full elementor-hidden-mobile e-flex e-con e-child\" data-id=\"90eb295\" data-element_type=\"container\" data-e-type=\"container\">\n\t\t\t\t<\/div>\n\t\t<div class=\"elementor-element elementor-element-11f8d2f e-con-full elementor-hidden-mobile e-flex e-con e-child\" data-id=\"11f8d2f\" data-element_type=\"container\" data-e-type=\"container\">\n\t\t\t\t<\/div>\n\t\t\t\t<\/div>\n\t\t\t\t\t<\/div>\n\t\t\t\t<\/div>\n\t\t<div class=\"elementor-element elementor-element-61a2f04d e-flex e-con-boxed e-con e-parent\" data-id=\"61a2f04d\" data-element_type=\"container\" data-e-type=\"container\">\n\t\t\t\t\t<div class=\"e-con-inner\">\n\t\t\t\t<div class=\"elementor-element elementor-element-3acd6011 elementor-widget__width-inherit elementor-widget elementor-widget-heading\" data-id=\"3acd6011\" data-element_type=\"widget\" data-e-type=\"widget\" data-widget_type=\"heading.default\">\n\t\t\t\t<div class=\"elementor-widget-container\">\n\t\t\t\t\t<h3 class=\"elementor-heading-title elementor-size-default\">Themen und Inhalte des Stabilisierungscoachings<\/h3>\t\t\t\t<\/div>\n\t\t\t\t<\/div>\n\t\t<div class=\"elementor-element elementor-element-7ae719e4 e-con-full e-flex e-con e-child\" data-id=\"7ae719e4\" data-element_type=\"container\" data-e-type=\"container\" data-settings=\"{&quot;background_background&quot;:&quot;classic&quot;}\">\n\t\t\t\t<div class=\"elementor-element elementor-element-62110a78 elementor-widget__width-initial elementor-widget elementor-widget-image\" data-id=\"62110a78\" data-element_type=\"widget\" data-e-type=\"widget\" data-widget_type=\"image.default\">\n\t\t\t\t<div class=\"elementor-widget-container\">\n\t\t\t\t\t\t\t\t\t\t\t\t\t\t\t<img decoding=\"async\" width=\"30\" height=\"30\" src=\"https:\/\/ancora-coaching.de\/wp-content\/uploads\/2024\/12\/number-1-e1631096925907.png\" class=\"attachment-large size-large wp-image-32\" alt=\"\" \/>\t\t\t\t\t\t\t\t\t\t\t\t\t\t\t<\/div>\n\t\t\t\t<\/div>\n\t\t<div class=\"elementor-element elementor-element-60831e7b e-con-full e-flex e-con e-child\" data-id=\"60831e7b\" data-element_type=\"container\" data-e-type=\"container\">\n\t\t\t\t<div class=\"elementor-element elementor-element-6760bad1 elementor-widget elementor-widget-heading\" data-id=\"6760bad1\" data-element_type=\"widget\" data-e-type=\"widget\" data-widget_type=\"heading.default\">\n\t\t\t\t<div class=\"elementor-widget-container\">\n\t\t\t\t\t<h4 class=\"elementor-heading-title elementor-size-default\">Emotionale Stabilisierung<\/h4>\t\t\t\t<\/div>\n\t\t\t\t<\/div>\n\t\t\t\t<div class=\"elementor-element elementor-element-50c47cad elementor-widget__width-initial elementor-widget elementor-widget-text-editor\" data-id=\"50c47cad\" data-element_type=\"widget\" data-e-type=\"widget\" data-widget_type=\"text-editor.default\">\n\t\t\t\t<div class=\"elementor-widget-container\">\n\t\t\t\t\t\t\t\t\t<ul><li>Umgang mit Stress, \u00c4ngsten oder Unsicherheiten.<\/li><li>Entwicklung von Strategien zur Bew\u00e4ltigung von Krisen.<\/li><li>F\u00f6rderung des Selbstbewusstseins.<\/li><\/ul>\t\t\t\t\t\t\t\t<\/div>\n\t\t\t\t<\/div>\n\t\t\t\t<\/div>\n\t\t\t\t<\/div>\n\t\t<div class=\"elementor-element elementor-element-49ee6c39 e-con-full e-flex e-con e-child\" data-id=\"49ee6c39\" data-element_type=\"container\" data-e-type=\"container\" data-settings=\"{&quot;background_background&quot;:&quot;classic&quot;}\">\n\t\t\t\t<div class=\"elementor-element elementor-element-2b28a2a9 elementor-widget__width-initial elementor-widget elementor-widget-image\" data-id=\"2b28a2a9\" data-element_type=\"widget\" data-e-type=\"widget\" data-widget_type=\"image.default\">\n\t\t\t\t<div class=\"elementor-widget-container\">\n\t\t\t\t\t\t\t\t\t\t\t\t\t\t\t<img decoding=\"async\" width=\"30\" height=\"30\" src=\"https:\/\/ancora-coaching.de\/wp-content\/uploads\/2024\/12\/number-2-e1631097007496.png\" class=\"attachment-large size-large wp-image-33\" alt=\"\" \/>\t\t\t\t\t\t\t\t\t\t\t\t\t\t\t<\/div>\n\t\t\t\t<\/div>\n\t\t<div class=\"elementor-element elementor-element-53caeaaa e-con-full e-flex e-con e-child\" data-id=\"53caeaaa\" data-element_type=\"container\" data-e-type=\"container\">\n\t\t\t\t<div class=\"elementor-element elementor-element-362a913a elementor-widget elementor-widget-heading\" data-id=\"362a913a\" data-element_type=\"widget\" data-e-type=\"widget\" data-widget_type=\"heading.default\">\n\t\t\t\t<div class=\"elementor-widget-container\">\n\t\t\t\t\t<h4 class=\"elementor-heading-title elementor-size-default\">Alltagsstrukturierung<\/h4>\t\t\t\t<\/div>\n\t\t\t\t<\/div>\n\t\t\t\t<div class=\"elementor-element elementor-element-71966aca elementor-widget__width-initial elementor-widget elementor-widget-text-editor\" data-id=\"71966aca\" data-element_type=\"widget\" data-e-type=\"widget\" data-widget_type=\"text-editor.default\">\n\t\t\t\t<div class=\"elementor-widget-container\">\n\t\t\t\t\t\t\t\t\t<ul><li>Aufbau eines geregelten Tagesablaufs.<\/li><li>Unterst\u00fctzung bei der Organisation von Aufgaben und Pflichten.<\/li><\/ul>\t\t\t\t\t\t\t\t<\/div>\n\t\t\t\t<\/div>\n\t\t\t\t<\/div>\n\t\t\t\t<\/div>\n\t\t<div class=\"elementor-element elementor-element-28f26a06 e-con-full e-flex e-con e-child\" data-id=\"28f26a06\" data-element_type=\"container\" data-e-type=\"container\" data-settings=\"{&quot;background_background&quot;:&quot;classic&quot;}\">\n\t\t\t\t<div class=\"elementor-element elementor-element-1901f476 elementor-widget__width-initial elementor-widget elementor-widget-image\" data-id=\"1901f476\" data-element_type=\"widget\" data-e-type=\"widget\" data-widget_type=\"image.default\">\n\t\t\t\t<div class=\"elementor-widget-container\">\n\t\t\t\t\t\t\t\t\t\t\t\t\t\t\t<img decoding=\"async\" width=\"30\" height=\"30\" src=\"https:\/\/ancora-coaching.de\/wp-content\/uploads\/2024\/12\/number-3-e1631097026589.png\" class=\"attachment-large size-large wp-image-34\" alt=\"\" \/>\t\t\t\t\t\t\t\t\t\t\t\t\t\t\t<\/div>\n\t\t\t\t<\/div>\n\t\t<div class=\"elementor-element elementor-element-671a0d5f e-con-full e-flex e-con e-child\" data-id=\"671a0d5f\" data-element_type=\"container\" data-e-type=\"container\">\n\t\t\t\t<div class=\"elementor-element elementor-element-2324dba4 elementor-widget elementor-widget-heading\" data-id=\"2324dba4\" data-element_type=\"widget\" data-e-type=\"widget\" data-widget_type=\"heading.default\">\n\t\t\t\t<div class=\"elementor-widget-container\">\n\t\t\t\t\t<h4 class=\"elementor-heading-title elementor-size-default\">Berufliche Stabilisierung<\/h4>\t\t\t\t<\/div>\n\t\t\t\t<\/div>\n\t\t\t\t<div class=\"elementor-element elementor-element-fd56eb0 elementor-widget__width-initial elementor-widget elementor-widget-text-editor\" data-id=\"fd56eb0\" data-element_type=\"widget\" data-e-type=\"widget\" data-widget_type=\"text-editor.default\">\n\t\t\t\t<div class=\"elementor-widget-container\">\n\t\t\t\t\t\t\t\t\t<ul><li>Begleitung beim Wiedereinstieg ins Berufsleben.<\/li><li>Unterst\u00fctzung bei der beruflichen Orientierung.<\/li><li>Umgang mit Arbeitsbelastungen und Leistungsdruck.<\/li><\/ul>\t\t\t\t\t\t\t\t<\/div>\n\t\t\t\t<\/div>\n\t\t\t\t<\/div>\n\t\t\t\t<\/div>\n\t\t<div class=\"elementor-element elementor-element-1c1420f9 e-con-full e-flex e-con e-child\" data-id=\"1c1420f9\" data-element_type=\"container\" data-e-type=\"container\" data-settings=\"{&quot;background_background&quot;:&quot;classic&quot;}\">\n\t\t\t\t<div class=\"elementor-element elementor-element-1c6c9628 elementor-widget__width-initial elementor-widget elementor-widget-image\" data-id=\"1c6c9628\" data-element_type=\"widget\" data-e-type=\"widget\" data-widget_type=\"image.default\">\n\t\t\t\t<div class=\"elementor-widget-container\">\n\t\t\t\t\t\t\t\t\t\t\t\t\t\t\t<img loading=\"lazy\" decoding=\"async\" width=\"30\" height=\"30\" src=\"https:\/\/ancora-coaching.de\/wp-content\/uploads\/2024\/12\/number-4-e1631097079788.png\" class=\"attachment-large size-large wp-image-35\" alt=\"\" \/>\t\t\t\t\t\t\t\t\t\t\t\t\t\t\t<\/div>\n\t\t\t\t<\/div>\n\t\t<div class=\"elementor-element elementor-element-b4dfc77 e-con-full e-flex e-con e-child\" data-id=\"b4dfc77\" data-element_type=\"container\" data-e-type=\"container\">\n\t\t\t\t<div class=\"elementor-element elementor-element-716230cb elementor-widget elementor-widget-heading\" data-id=\"716230cb\" data-element_type=\"widget\" data-e-type=\"widget\" data-widget_type=\"heading.default\">\n\t\t\t\t<div class=\"elementor-widget-container\">\n\t\t\t\t\t<h4 class=\"elementor-heading-title elementor-size-default\">Soziale Stabilisierung<\/h4>\t\t\t\t<\/div>\n\t\t\t\t<\/div>\n\t\t\t\t<div class=\"elementor-element elementor-element-9dfbf05 elementor-widget__width-initial elementor-widget elementor-widget-text-editor\" data-id=\"9dfbf05\" data-element_type=\"widget\" data-e-type=\"widget\" data-widget_type=\"text-editor.default\">\n\t\t\t\t<div class=\"elementor-widget-container\">\n\t\t\t\t\t\t\t\t\t<ul><li>Verbesserung der sozialen Kompetenzen.<\/li><li>F\u00f6rderung von Beziehungen und sozialer Integration.<\/li><li>Hilfe bei der Konfliktbew\u00e4ltigung.<\/li><\/ul>\t\t\t\t\t\t\t\t<\/div>\n\t\t\t\t<\/div>\n\t\t\t\t<\/div>\n\t\t\t\t<\/div>\n\t\t<div class=\"elementor-element elementor-element-080554d e-con-full e-flex e-con e-child\" data-id=\"080554d\" data-element_type=\"container\" data-e-type=\"container\" data-settings=\"{&quot;background_background&quot;:&quot;classic&quot;}\">\n\t\t\t\t<div class=\"elementor-element elementor-element-88db215 elementor-widget__width-initial elementor-widget elementor-widget-image\" data-id=\"88db215\" data-element_type=\"widget\" data-e-type=\"widget\" data-widget_type=\"image.default\">\n\t\t\t\t<div class=\"elementor-widget-container\">\n\t\t\t\t\t\t\t\t\t\t\t\t\t\t\t<img loading=\"lazy\" decoding=\"async\" width=\"30\" height=\"30\" src=\"https:\/\/ancora-coaching.de\/wp-content\/uploads\/2025\/01\/number-5-e1631097090541.png\" class=\"attachment-large size-large wp-image-246\" alt=\"\" \/>\t\t\t\t\t\t\t\t\t\t\t\t\t\t\t<\/div>\n\t\t\t\t<\/div>\n\t\t<div class=\"elementor-element elementor-element-a3207a4 e-con-full e-flex e-con e-child\" data-id=\"a3207a4\" data-element_type=\"container\" data-e-type=\"container\">\n\t\t\t\t<div class=\"elementor-element elementor-element-79846ea elementor-widget elementor-widget-heading\" data-id=\"79846ea\" data-element_type=\"widget\" data-e-type=\"widget\" data-widget_type=\"heading.default\">\n\t\t\t\t<div class=\"elementor-widget-container\">\n\t\t\t\t\t<h4 class=\"elementor-heading-title elementor-size-default\">Praktische Hilfestellungen<\/h4>\t\t\t\t<\/div>\n\t\t\t\t<\/div>\n\t\t\t\t<div class=\"elementor-element elementor-element-fcf5b04 elementor-widget__width-initial elementor-widget elementor-widget-text-editor\" data-id=\"fcf5b04\" data-element_type=\"widget\" data-e-type=\"widget\" data-widget_type=\"text-editor.default\">\n\t\t\t\t<div class=\"elementor-widget-container\">\n\t\t\t\t\t\t\t\t\t<ul><li>Unterst\u00fctzung bei Beh\u00f6rdeng\u00e4ngen, finanziellen Angelegenheiten oder Wohnungssuche.<\/li><li>Vermittlung zu weiteren Hilfsangeboten.<\/li><\/ul>\t\t\t\t\t\t\t\t<\/div>\n\t\t\t\t<\/div>\n\t\t\t\t<\/div>\n\t\t\t\t<\/div>\n\t\t\t\t\t<\/div>\n\t\t\t\t<\/div>\n\t\t<div class=\"elementor-element elementor-element-a7f954f e-flex e-con-boxed e-con e-parent\" data-id=\"a7f954f\" data-element_type=\"container\" data-e-type=\"container\">\n\t\t\t\t\t<div class=\"e-con-inner\">\n\t\t\t\t<div class=\"elementor-element elementor-element-9b689bc elementor-widget__width-initial elementor-widget elementor-widget-text-editor\" data-id=\"9b689bc\" data-element_type=\"widget\" data-e-type=\"widget\" data-widget_type=\"text-editor.default\">\n\t\t\t\t<div class=\"elementor-widget-container\">\n\t\t\t\t\t\t\t\t\tUnter Umst\u00e4nden wird das Stabilisuerungscoaching durch staatliche F\u00f6rdermittel unterst\u00fctzt, Bundesagentur f\u00fcr Arbeit und das Jobcenter F\u00f6rderung nach \u00a745 Abs. 1 Satz 1 SGB III Nr. 1-5 (AVGS MAT=Aktivierungs- und Vermittlungsgutschein).\t\t\t\t\t\t\t\t<\/div>\n\t\t\t\t<\/div>\n\t\t\t\t\t<\/div>\n\t\t\t\t<\/div>\n\t\t<div class=\"elementor-element elementor-element-dee5a87 e-flex e-con-boxed e-con e-parent\" data-id=\"dee5a87\" data-element_type=\"container\" data-e-type=\"container\" data-settings=\"{&quot;background_background&quot;:&quot;classic&quot;}\">\n\t\t\t\t\t<div class=\"e-con-inner\">\n\t\t<div class=\"elementor-element elementor-element-4a6874f e-con-full e-flex e-con e-child\" data-id=\"4a6874f\" data-element_type=\"container\" data-e-type=\"container\" data-settings=\"{&quot;sticky&quot;:&quot;top&quot;,&quot;sticky_on&quot;:[&quot;desktop&quot;],&quot;sticky_offset&quot;:100,&quot;sticky_parent&quot;:&quot;yes&quot;,&quot;sticky_effects_offset&quot;:0,&quot;sticky_anchor_link_offset&quot;:0}\">\n\t\t\t\t<div class=\"elementor-element elementor-element-ca8d7cb elementor-widget elementor-widget-heading\" data-id=\"ca8d7cb\" data-element_type=\"widget\" data-e-type=\"widget\" data-widget_type=\"heading.default\">\n\t\t\t\t<div class=\"elementor-widget-container\">\n\t\t\t\t\t<h2 class=\"elementor-heading-title elementor-size-default\">Buchen Sie jetzt ein unverbindliches Gespr\u00e4ch!<\/h2>\t\t\t\t<\/div>\n\t\t\t\t<\/div>\n\t\t\t\t<div class=\"elementor-element elementor-element-a0705e4 elementor-widget__width-initial elementor-widget elementor-widget-text-editor\" data-id=\"a0705e4\" data-element_type=\"widget\" data-e-type=\"widget\" data-widget_type=\"text-editor.default\">\n\t\t\t\t<div class=\"elementor-widget-container\">\n\t\t\t\t\t\t\t\t\t<p>Haben Sie noch offene Fragen oder wollen mehr \u00fcber Kosten und Finanzierung erfahren ? Buchen Sie hier einfach ein kostenloses und unverbindliches Gespr\u00e4ch! Wir helfen Ihnen gern weiter!<\/p>\t\t\t\t\t\t\t\t<\/div>\n\t\t\t\t<\/div>\n\t\t\t\t<div class=\"elementor-element elementor-element-1dbcc50 elementor-widget__width-initial elementor-widget elementor-widget-text-editor\" data-id=\"1dbcc50\" data-element_type=\"widget\" data-e-type=\"widget\" data-widget_type=\"text-editor.default\">\n\t\t\t\t<div class=\"elementor-widget-container\">\n\t\t\t\t\t\t\t\t\tWenn wir Ihr Interesse geweckt haben, sprechen Sie bitte mitIhrem Arbeitsvermittler bei der Arbeitsagentur oder dem zust\u00e4ndigen Jobcenter, ob auch Sie Anspruch auf ein Aktivierungs- und Vermittlungsgutschein haben.\t\t\t\t\t\t\t\t<\/div>\n\t\t\t\t<\/div>\n\t\t\t\t<\/div>\n\t\t\t\t<div class=\"elementor-element elementor-element-39d24aa elementor-widget__width-initial elementor-widget elementor-widget-html\" data-id=\"39d24aa\" data-element_type=\"widget\" data-e-type=\"widget\" data-widget_type=\"html.default\">\n\t\t\t\t<div class=\"elementor-widget-container\">\n\t\t\t\t\t<!-- Calendly inline widget begin -->\r\n<div class=\"calendly-inline-widget\" data-url=\"https:\/\/calendly.com\/ancorajobcoaching\/30min\" style=\"min-width:320px;height:900px;\"><\/div>\r\n<script type=\"text\/javascript\" src=\"https:\/\/assets.calendly.com\/assets\/external\/widget.js\" async><\/script>\r\n<!-- Calendly inline widget end -->\t\t\t\t<\/div>\n\t\t\t\t<\/div>\n\t\t\t\t\t<\/div>\n\t\t\t\t<\/div>\n\t\t\t\t<\/div>\n\t\t","protected":false},"excerpt":{"rendered":"<p>Stabilisierungscoaching Stabilisierungscoaching ist eine Form der individuellen Beratung und Begleitung, die darauf abzielt, Menschen in schwierigen Lebenssituationen oder nach belastenden Erfahrungen zu unterst\u00fctzen. Ziel ist es, Stabilit\u00e4t in verschiedenen Lebensbereichen zu schaffen, Belastungen abzubauen und Grundlagen f\u00fcr eine positive pers\u00f6nliche oder berufliche Entwicklung zu legen. F\u00fcr wen ist Stabilisierungscoaching geeignet? Menschen, die sich in einer [&hellip;]<\/p>\n","protected":false},"author":1,"featured_media":0,"parent":38,"menu_order":3,"comment_status":"closed","ping_status":"closed","template":"elementor_header_footer","meta":{"footnotes":""},"class_list":["post-85","page","type-page","status-publish","hentry"],"_links":{"self":[{"href":"https:\/\/ancora-coaching.de\/ru\/wp-json\/wp\/v2\/pages\/85","targetHints":{"allow":["GET"]}}],"collection":[{"href":"https:\/\/ancora-coaching.de\/ru\/wp-json\/wp\/v2\/pages"}],"about":[{"href":"https:\/\/ancora-coaching.de\/ru\/wp-json\/wp\/v2\/types\/page"}],"author":[{"embeddable":true,"href":"https:\/\/ancora-coaching.de\/ru\/wp-json\/wp\/v2\/users\/1"}],"replies":[{"embeddable":true,"href":"https:\/\/ancora-coaching.de\/ru\/wp-json\/wp\/v2\/comments?post=85"}],"version-history":[{"count":82,"href":"https:\/\/ancora-coaching.de\/ru\/wp-json\/wp\/v2\/pages\/85\/revisions"}],"predecessor-version":[{"id":1809,"href":"https:\/\/ancora-coaching.de\/ru\/wp-json\/wp\/v2\/pages\/85\/revisions\/1809"}],"up":[{"embeddable":true,"href":"https:\/\/ancora-coaching.de\/ru\/wp-json\/wp\/v2\/pages\/38"}],"wp:attachment":[{"href":"https:\/\/ancora-coaching.de\/ru\/wp-json\/wp\/v2\/media?parent=85"}],"curies":[{"name":"WP","href":"https:\/\/api.w.org\/{rel}","templated":true}]}}